{"id":18,"date":"2018-12-28T15:24:50","date_gmt":"2018-12-28T14:24:50","guid":{"rendered":"http:\/\/neantvert.eu\/bref\/?page_id=18"},"modified":"2019-06-16T23:29:21","modified_gmt":"2019-06-16T21:29:21","slug":"neant-bref","status":"publish","type":"page","link":"https:\/\/neantvert.eu\/bref\/neant-bref\/","title":{"rendered":"FAQ \/ A propos"},"content":{"rendered":"\n<p>Bienvenue sur <strong>N\u00e9ant Bref<\/strong> ! Alors, sur quoi vous \u00eates ? <\/p>\n\n\n\n<p><strong>N\u00e9ant\u00a0Bref<\/strong> est un blog fond\u00e9 durant le mois de janvier 2019, lanc\u00e9 publiquement courant juin 2019 (le lundi 17, pour \u00eatre pr\u00e9cis) et qui sert de \u00ab\u00a0spin-off\u00a0\u00bb au blog <strong><a href=\"http:\/\/neantvert.eu\/\">N\u00e9ant\u00a0Vert<\/a>.<\/strong> Comme ce dernier, le blog est tenu par <strong>Amo<\/strong>, seule personne qui r\u00e9dige tous les articles et m\u00eame cette page de \u00ab\u00a0\u00e0 propos\u00a0\u00bb, parce que d\u00e9l\u00e9guer et collaborer c&rsquo;est pas son fort..<\/p>\n\n\n\n<hr class=\"wp-block-separator\"\/>\n\n\n\n<h2 class=\"wp-block-heading\">Quelle est la diff\u00e9rence entre N\u00e9ant Vert et N\u00e9ant Bref ? <\/h2>\n\n\n\n<p>L\u00e0 o\u00f9 N\u00e9ant Vert est plut\u00f4t reconnu pour ses tartines de texte, l&rsquo;objectif de N\u00e9ant Bref est d&rsquo;offrir un espace plus concis, plus direct, <strong>avec la volont\u00e9 de ne jamais exc\u00e9der la barre des 1000 mots \u00e0 chaque billet<\/strong>. L&rsquo;id\u00e9e est \u00e9galement de n&rsquo;y faire que des critiques, avec un syst\u00e8me de notes qui conf\u00e8re \u00e0 l&rsquo;ensemble un grand s\u00e9rieux&#8230; tr\u00e8s th\u00e9orique. <\/p>\n\n\n\n<p>Par exemple, sur N\u00e9ant Bref, <a href=\"http:\/\/neantvert.eu\/bref\/2019\/02\/04\/hug-tto-precure\/\">la critique de <\/a><strong><a href=\"http:\/\/neantvert.eu\/bref\/2019\/02\/04\/hug-tto-precure\/\">Hug tto! Precure<\/a><\/strong> est lapidaire, concise, se concentre sur les qualit\u00e9s et les d\u00e9fauts de l&rsquo;oeuvre tandis que sur N\u00e9ant Vert, <a href=\"http:\/\/neantvert.eu\/2019\/02\/06\/hugtto-precure-run-the-world-girls\/\">le billet d\u00e9di\u00e9 \u00e0 <\/a><strong><a href=\"http:\/\/neantvert.eu\/2019\/02\/06\/hugtto-precure-run-the-world-girls\/\">Hug tto! Precure<\/a><\/strong> fait certes \u00e9galement de la critique mais y ajoute pas mal d&rsquo;analyse, d&rsquo;informations sur le staff et d&rsquo;anecdotes personnelles.<\/p>\n\n\n\n<hr class=\"wp-block-separator\"\/>\n\n\n\n<h2 class=\"wp-block-heading\">Des notes, quoi ?<\/h2>\n\n\n\n<p>Chaque oeuvre critiqu\u00e9e sur <em>N\u00e9ant Bref<\/em> fait l&rsquo;objet de deux notes: une note qui se veut \u00ab\u00a0objective\u00a0\u00bb (en \u00e9toiles) (et avec trente guillemets) et une note \u00ab\u00a0personnelle\u00a0\u00bb (repr\u00e9sent\u00e9e par le doux visage de Tachibana Hibiki.)<\/p>\n\n\n\n<p><a href=\"http:\/\/neantvert.eu\/bref\/notes\/\">Une page a \u00e9t\u00e9 mise en place pour vous expliquer le bar\u00eame de ce blog<\/a> et la signification des ptites t\u00eates de Hibiki. Pour la faire courte, consid\u00e9rez que les oeuvres sont not\u00e9es sur 4 \u00e9toiles mais que les notes de 4,5 et de 5 sont exceptionnelles et l\u00e0 pour \u00ab\u00a0marquer le coup.\u00a0\u00bb<\/p>\n\n\n\n<hr class=\"wp-block-separator\"\/>\n\n\n\n<h2 class=\"wp-block-heading\">Quelle motivation derri\u00e8re ce blog ?<\/h2>\n\n\n\n<p>J&rsquo;ai l&rsquo;impression que j&rsquo;ai tendance \u00e0 m&rsquo;user niveau \u00e9criture et que je regarde beaucoup de <em>trucs<\/em> divers et vari\u00e9s sans jamais prendre le temps de poser quelque part mon opinion, ailleurs que dans un tweet. Pas que \u00e7a soit important mais <em>N\u00e9ant Vert<\/em> a tellement grossi qu&rsquo;aujourd&rsquo;hui faire des petites critiques sur ce blog para\u00eetrait hors-sujet. <\/p>\n\n\n\n<p>Pour m&rsquo;encourager donc \u00e0 \u00e9crire un peu plus et \u00e0 ordonner mes avis sur les \u0153uvres diverses et vari\u00e9es que je regarde, voil\u00e0 donc <em>N\u00e9ant Bref.<\/em> Et puis y&rsquo;a un syst\u00e8me de notes parce que m\u00eame si sur N\u00e9ant Vert je m&rsquo;y suis jamais adonn\u00e9, \u00e7a a toujours \u00e9t\u00e9 un petit fantasme que j&rsquo;avais quand je lisais des magazines de jeux vid\u00e9o \u00e0 une \u00e9poque tr\u00e8s tr\u00e8s lointaine.<\/p>\n\n\n\n<hr class=\"wp-block-separator\"\/>\n\n\n\n<h2 class=\"wp-block-heading\">Quels sujets sont trait\u00e9s par le blog ?<\/h2>\n\n\n\n<p>En th\u00e9orie, je pourrais parler de tous mais en vrai je vais rester sur des m\u00e9dias sur lesquels <em>je suis \u00e0 l&rsquo;aise.<\/em> Ce sera donc majoritairement de l&rsquo;animation japonaise, du manga, du jeu vid\u00e9o, du cin\u00e9ma, quelques embard\u00e9es dans le monde du catch, tr\u00e8s rarement des s\u00e9ries et, quand vraiment j&rsquo;ai le courage, du light novel. <\/p>\n\n\n\n<hr class=\"wp-block-separator\"\/>\n\n\n\n<h2 class=\"wp-block-heading\">Y&rsquo;a parfois des galeries en fin d&rsquo;article ?<\/h2>\n\n\n\n<p>Sur certaines s\u00e9ries je me permets d&rsquo;accompagner l&rsquo;article d&rsquo;une galerie s\u00e9lective des diff\u00e9rents <em>screenshots<\/em> que j&rsquo;ai pu prendre au cours du visionnage de ma s\u00e9rie. Je fais le tri, je les met ensuite dans l&rsquo;article. Mes choix sont avant tout esth\u00e9tiques: je met en avant les captures et les plans que je trouve les plus cools \/ funs \/ repr\u00e9sentatifs. M\u00eame si la volont\u00e9 n&rsquo;est pas de spoiler, il y&rsquo;a dans ces screenshots des \u00e9l\u00e9ments issus de tous les \u00e9pisodes que j&rsquo;ai pu voir, donc si le spoiler est un souci pour vous et que vous \u00eates sensible au moindre \u00e9l\u00e9ment susceptible d&rsquo;appara\u00eetre, tra\u00eenez-y avec prudence ! <\/p>\n\n\n\n<p>Les screenshots essaient au maximum d&rsquo;\u00eatre dispos\u00e9s dans l&rsquo;ordre chronologique de diffusion des \u00e9pisodes. Il peut arriver que \u00e7a soit en d\u00e9sordre mais c&rsquo;est rare.<\/p>\n\n\n\n<p>Enfin, ces galeries ne sont pas une obligation: si je n&rsquo;ai pas pris beaucoup de screenshots (voire m\u00eame pas du tout), il n&rsquo;y aura tout simplement pas de galerie !<\/p>\n\n\n\n<hr class=\"wp-block-separator\"\/>\n\n\n\n<h2 class=\"wp-block-heading\">J&rsquo;aimerais lire un article mais il me dit de payer !<\/h2>\n\n\n\n<p>Yep, les critiques de N\u00e9ant Bref sont disponibles pendant la semaine qui suit leur publication <em><a href=\"https:\/\/www.patreon.com\/piscesamo\">uniquement pour les personnes qui donnent au moins 1$ \u00e0 mon patreon<\/a>.<\/em> Un palier symbolique $_$ ! Mais rassurez-vous, une fois la semaine \u00e9coul\u00e9e, l&rsquo;article devient accessible pour tout le monde. <\/p>\n","protected":false},"excerpt":{"rendered":"<p><\/p>\n","protected":false},"author":1,"featured_media":6,"parent":0,"menu_order":0,"comment_status":"closed","ping_status":"closed","template":"","meta":{"ngg_post_thumbnail":0,"jetpack_post_was_ever_published":false,"footnotes":""},"class_list":["post-18","page","type-page","status-publish","has-post-thumbnail","hentry"],"jetpack_shortlink":"https:\/\/wp.me\/PazRke-i","jetpack-related-posts":[],"jetpack_likes_enabled":true,"jetpack_sharing_enabled":true,"_links":{"self":[{"href":"https:\/\/neantvert.eu\/bref\/wp-json\/wp\/v2\/pages\/18","targetHints":{"allow":["GET"]}}],"collection":[{"href":"https:\/\/neantvert.eu\/bref\/wp-json\/wp\/v2\/pages"}],"about":[{"href":"https:\/\/neantvert.eu\/bref\/wp-json\/wp\/v2\/types\/page"}],"author":[{"embeddable":true,"href":"https:\/\/neantvert.eu\/bref\/wp-json\/wp\/v2\/users\/1"}],"replies":[{"embeddable":true,"href":"https:\/\/neantvert.eu\/bref\/wp-json\/wp\/v2\/comments?post=18"}],"version-history":[{"count":5,"href":"https:\/\/neantvert.eu\/bref\/wp-json\/wp\/v2\/pages\/18\/revisions"}],"predecessor-version":[{"id":1819,"href":"https:\/\/neantvert.eu\/bref\/wp-json\/wp\/v2\/pages\/18\/revisions\/1819"}],"wp:featuredmedia":[{"embeddable":true,"href":"https:\/\/neantvert.eu\/bref\/wp-json\/wp\/v2\/media\/6"}],"wp:attachment":[{"href":"https:\/\/neantvert.eu\/bref\/wp-json\/wp\/v2\/media?parent=18"}],"curies":[{"name":"wp","href":"https:\/\/api.w.org\/{rel}","templated":true}]}}