{"id":13,"date":"2020-11-02T01:12:40","date_gmt":"2020-11-02T00:12:40","guid":{"rendered":"http:\/\/neantvert.eu\/celeste\/?page_id=13"},"modified":"2026-04-09T15:59:57","modified_gmt":"2026-04-09T13:59:57","slug":"accueil","status":"publish","type":"page","link":"https:\/\/neantvert.eu\/celeste\/","title":{"rendered":"Accueil"},"content":{"rendered":"\n<div class=\"col-md-5\">\n<h3 style=\"text-align: center;\">Dates \u00e0 retenir<\/h3>\n<p style=\"text-align: center;\"><strong>Date limite pour l&#8217;envoi des skits: 05\/04\/2026<\/strong><strong><br>Premi\u00e8re projection: <\/strong>Week-end du 18 avril \u00e0 Japanantes<strong><\/strong><a href=\"https:\/\/neantvert.eu\/celeste\/2025\/09\/26\/sortie-de-lapero-celeste-1\/\"><\/a><\/p>\n<\/div>\n\n\n\n<div class=\"col-md-6 col-md-offset-1\"><\/div>\n\n\n\n<h3 class=\"wp-block-heading has-text-align-center\">On en est o\u00f9 ?<\/h3>\n\n\n\n<p class=\"has-text-align-center\"><em>Statut<\/em> <em>au 09\/04\/2026:<\/em><br>Skits accept\u00e9s: <strong>707<\/strong><\/p>\n\n\n\n<p><\/p>\n\n\n\n<p><\/p>\n\n\n\n<p><\/p>\n","protected":false},"excerpt":{"rendered":"<p>Dates \u00e0 retenir Date limite pour l&#8217;envoi des skits: 05\/04\/2026Premi\u00e8re projection: Week-end du 18 avril \u00e0 Japanantes On en est o\u00f9 ? Statut au 09\/04\/2026:Skits accept\u00e9s: 707<\/p>\n","protected":false},"author":1,"featured_media":69,"parent":0,"menu_order":0,"comment_status":"closed","ping_status":"closed","template":"","meta":{"footnotes":""},"class_list":["post-13","page","type-page","status-publish","has-post-thumbnail","hentry"],"jetpack_sharing_enabled":true,"_links":{"self":[{"href":"https:\/\/neantvert.eu\/celeste\/wp-json\/wp\/v2\/pages\/13","targetHints":{"allow":["GET"]}}],"collection":[{"href":"https:\/\/neantvert.eu\/celeste\/wp-json\/wp\/v2\/pages"}],"about":[{"href":"https:\/\/neantvert.eu\/celeste\/wp-json\/wp\/v2\/types\/page"}],"author":[{"embeddable":true,"href":"https:\/\/neantvert.eu\/celeste\/wp-json\/wp\/v2\/users\/1"}],"replies":[{"embeddable":true,"href":"https:\/\/neantvert.eu\/celeste\/wp-json\/wp\/v2\/comments?post=13"}],"version-history":[{"count":127,"href":"https:\/\/neantvert.eu\/celeste\/wp-json\/wp\/v2\/pages\/13\/revisions"}],"predecessor-version":[{"id":573,"href":"https:\/\/neantvert.eu\/celeste\/wp-json\/wp\/v2\/pages\/13\/revisions\/573"}],"wp:featuredmedia":[{"embeddable":true,"href":"https:\/\/neantvert.eu\/celeste\/wp-json\/wp\/v2\/media\/69"}],"wp:attachment":[{"href":"https:\/\/neantvert.eu\/celeste\/wp-json\/wp\/v2\/media?parent=13"}],"curies":[{"name":"wp","href":"https:\/\/api.w.org\/{rel}","templated":true}]}}