{"id":331,"date":"2021-05-26T17:40:14","date_gmt":"2021-05-26T15:40:14","guid":{"rendered":"http:\/\/neantvert.eu\/celeste\/?page_id=331"},"modified":"2026-03-01T17:18:06","modified_gmt":"2026-03-01T16:18:06","slug":"download","status":"publish","type":"page","link":"https:\/\/neantvert.eu\/celeste\/download\/","title":{"rendered":"Voir &amp; T\u00e9l\u00e9charger"},"content":{"rendered":"\n<p>Bonjour \u00e0 tous et \u00e0 toutes et bienvenue sur la page d\u00e9di\u00e9e au t\u00e9l\u00e9chargement et au visionnage des vid\u00e9os !<\/p>\n\n\n\n<h1 class=\"wp-block-heading\"><strong>AMV C\u00e9leste <\/strong><\/h1>\n\n\n\n<p>Vous pouvez t\u00e9l\u00e9charger le fichier MKV de 1,8 Go de deux mani\u00e8res:<\/p>\n\n\n\n<ul class=\"wp-block-list\">\n<li><strong><a href=\"http:\/\/neantvert.eu\/celeste\/AMVCeleste.mkv\" data-type=\"URL\" data-id=\"neantvert.eu\/celeste\/AMVCeleste.mkv\">T\u00e9l\u00e9chargement direct<\/a><\/strong> (1,8 Go &#8211; Clic droit + Enregistrer sous&#8230;)<\/li>\n\n\n\n<li><strong><a href=\"http:\/\/neantvert.eu\/celeste\/AMVCeleste.torrent\" data-type=\"URL\" data-id=\"http:\/\/neantvert.eu\/celeste\/AMVCeleste.torrent\">T\u00e9l\u00e9chargement par torrent<\/a><\/strong> (Clic droit + Enregistrer sous&#8230;)<\/li>\n<\/ul>\n\n\n\n<p><strong>Le fichier MKV contient:<\/strong><\/p>\n\n\n\n<ul class=\"wp-block-list\">\n<li>La source vid\u00e9o et sonore originale de l&#8217;AMV C\u00e9leste, fort logiquement.<\/li>\n\n\n\n<li>Une piste audio suppl\u00e9mentaire contenant le commentaire audio de la vid\u00e9o par Amo, r\u00e9alisateur de ce projet collaboratif.<\/li>\n\n\n\n<li>Sous-titres VOSTFR offrant une transcription de chaque skit, ainsi qu&#8217;une traduction en fran\u00e7ais des skits en langue non francophone. Ce sont les sous-titres par d\u00e9faut.<\/li>\n\n\n\n<li>Ces m\u00eames sous-titres VOSFR mais en police OpenDyslexic (<a href=\"https:\/\/www.dafont.com\/fr\/open-dyslexic.font\">t\u00e9l\u00e9chargement de la police<\/a>) <\/li>\n\n\n\n<li>Sous-titres &#8220;Transcription&#8221; offrant une transcription de chaque skit, sans la traduction pr\u00e9-cit\u00e9e. <\/li>\n\n\n\n<li>Sous-titres &#8220;Cr\u00e9dits&#8221; cr\u00e9ditant chaque skit de mani\u00e8re pr\u00e9cise, en direct.<\/li>\n<\/ul>\n\n\n\n<figure class=\"wp-block-image size-large\"><img loading=\"lazy\" decoding=\"async\" width=\"1024\" height=\"569\" src=\"http:\/\/neantvert.eu\/celeste\/wp-content\/uploads\/2021\/05\/image-1024x569.png\" alt=\"\" class=\"wp-image-332\" srcset=\"https:\/\/neantvert.eu\/celeste\/wp-content\/uploads\/2021\/05\/image-1024x569.png 1024w, https:\/\/neantvert.eu\/celeste\/wp-content\/uploads\/2021\/05\/image-300x167.png 300w, https:\/\/neantvert.eu\/celeste\/wp-content\/uploads\/2021\/05\/image-150x83.png 150w, https:\/\/neantvert.eu\/celeste\/wp-content\/uploads\/2021\/05\/image-768x427.png 768w, https:\/\/neantvert.eu\/celeste\/wp-content\/uploads\/2021\/05\/image.png 1280w\" sizes=\"auto, (max-width: 1024px) 100vw, 1024px\" \/><figcaption class=\"wp-element-caption\">Exemple de sous-titres &#8220;Cr\u00e9dits&#8221; avec le nom du monteur en haut \u00e0 gauche, le nom de la source sonore utilis\u00e9e en bas \u00e0 gauche et le nom de l&#8217;anime utilis\u00e9 &#8211; ainsi que le studio producteur et l&#8217;ann\u00e9e de d\u00e9but de diffusion &#8211; en bas \u00e0 droite<\/figcaption><\/figure>\n\n\n\n<p><\/p>\n\n\n\n<p>La vid\u00e9o est \u00e9galement disponible sur Youtube, <strong>attention certains skits ont \u00e9t\u00e9 mut\u00e9s par les robots DMCA donc ce n&#8217;est pas l&#8217;exp\u00e9rience optimale ! <\/strong><\/p>\n\n\n\n<figure class=\"wp-block-embed is-type-video is-provider-youtube wp-block-embed-youtube wp-embed-aspect-16-9 wp-has-aspect-ratio\"><div class=\"wp-block-embed__wrapper\">\n<iframe loading=\"lazy\" title=\"AMV C\u00e9leste: En Sc\u00e8ne !\" width=\"750\" height=\"422\" src=\"https:\/\/www.youtube.com\/embed\/2G2yOeXbNm0?feature=oembed\" frameborder=\"0\" allow=\"accelerometer; autoplay; clipboard-write; encrypted-media; gyroscope; picture-in-picture; web-share\" referrerpolicy=\"strict-origin-when-cross-origin\" allowfullscreen><\/iframe>\n<\/div><\/figure>\n\n\n\n<p>Bonus final: Un commentaire \u00e9crit des monteurs sur leurs skits <strong><a href=\"https:\/\/docs.google.com\/document\/d\/1jyEZp_2LPMVNNADeUCAsxuYEGqi0oCuJyEs_a8_uEbA\/edit\" data-type=\"URL\" data-id=\"https:\/\/docs.google.com\/document\/d\/1jyEZp_2LPMVNNADeUCAsxuYEGqi0oCuJyEs_a8_uEbA\/edit\">est disponible \u00e0 la lecture ici<\/a><\/strong> !<\/p>\n\n\n\n<p><\/p>\n\n\n\n<h1 class=\"wp-block-heading\"><strong>Ap\u00e9ros C\u00e9leste<\/strong><\/h1>\n\n\n\n<p><\/p>\n\n\n\n<p>Les Ap\u00e9ros C\u00e9leste sont disponible en int\u00e9gralit\u00e9 sont Youtube mais \u00e9galement en t\u00e9l\u00e9chargement MKV.<\/p>\n\n\n\n<h2 class=\"wp-block-heading\">Ap\u00e9ro C\u00e9leste 1 ~ Songe d&#8217;une nuit d&#8217;\u00e9t\u00e9<\/h2>\n\n\n\n<figure class=\"wp-block-embed is-type-video is-provider-youtube wp-block-embed-youtube wp-embed-aspect-16-9 wp-has-aspect-ratio\"><div class=\"wp-block-embed__wrapper\">\n<iframe loading=\"lazy\" title=\"AP\u00c9RO C\u00c9LESTE 1 ~ Songe d&#039;une nuit d&#039;\u00e9t\u00e9\" width=\"750\" height=\"422\" src=\"https:\/\/www.youtube.com\/embed\/ogDoQb6vuLs?feature=oembed\" frameborder=\"0\" allow=\"accelerometer; autoplay; clipboard-write; encrypted-media; gyroscope; picture-in-picture; web-share\" referrerpolicy=\"strict-origin-when-cross-origin\" allowfullscreen><\/iframe>\n<\/div><\/figure>\n\n\n\n<p>Lien de t\u00e9l\u00e9chargement:<strong> <a href=\"https:\/\/neantvert.eu\/celeste\/AperoCeleste1.mkv\" data-type=\"link\" data-id=\"https:\/\/neantvert.eu\/celeste\/AperoCeleste1.mkv\">cliquez ici<\/a><\/strong> (1Go &#8211; clic droit + Enregistrer sous)<\/p>\n\n\n\n<h2 class=\"wp-block-heading\">Ap\u00e9ro C\u00e9leste 2 ~ \u00c0 la faveur de l&#8217;automne<\/h2>\n\n\n\n<figure class=\"wp-block-embed is-type-video is-provider-youtube wp-block-embed-youtube wp-embed-aspect-16-9 wp-has-aspect-ratio\"><div class=\"wp-block-embed__wrapper\">\n<iframe loading=\"lazy\" title=\"AP\u00c9RO C\u00c9LESTE 2 ~ \u00c0 la faveur de l&#039;automne\" width=\"750\" height=\"422\" src=\"https:\/\/www.youtube.com\/embed\/BVdk066_0-M?feature=oembed\" frameborder=\"0\" allow=\"accelerometer; autoplay; clipboard-write; encrypted-media; gyroscope; picture-in-picture; web-share\" referrerpolicy=\"strict-origin-when-cross-origin\" allowfullscreen><\/iframe>\n<\/div><\/figure>\n\n\n\n<p>Lien de t\u00e9l\u00e9chargement:<strong> <a href=\"https:\/\/neantvert.eu\/celeste\/AperoCeleste2.mkv\">cliquez ici<\/a><\/strong> (1.2Go \u2013 <strong>clic droit + Enregistrer sous<\/strong>)<\/p>\n\n\n\n<p><\/p>\n\n\n\n<h2 class=\"wp-block-heading\">Ap\u00e9ro C\u00e9leste 3 ~ Vents d&#8217;hiver (nom temporaire)<\/h2>\n\n\n\n<figure class=\"wp-block-embed is-type-video is-provider-youtube wp-block-embed-youtube wp-embed-aspect-16-9 wp-has-aspect-ratio\"><div class=\"wp-block-embed__wrapper\">\n<iframe loading=\"lazy\" title=\"AP\u00c9RO C\u00c9LESTE 3 ~ Vents d&#039;hiver (Nom temporaire)\" width=\"750\" height=\"422\" src=\"https:\/\/www.youtube.com\/embed\/uZH6-79DHrc?feature=oembed\" frameborder=\"0\" allow=\"accelerometer; autoplay; clipboard-write; encrypted-media; gyroscope; picture-in-picture; web-share\" referrerpolicy=\"strict-origin-when-cross-origin\" allowfullscreen><\/iframe>\n<\/div><\/figure>\n\n\n\n<p>Lien de t\u00e9l\u00e9chargement:<strong> <a href=\"https:\/\/neantvert.eu\/celeste\/AperoCeleste3.mkv\">cliquez ici<\/a><\/strong> (900Mo \u2013 <strong>clic droit + Enregistrer sous<\/strong>)<\/p>\n\n\n\n<p>A noter ici que les deux versions sont l\u00e9g\u00e8rement diff\u00e9rentes: un clip <strong>a d\u00fb \u00eatre remplac\u00e9 pour la version Youtube par un autre. <\/strong>Quel skit a \u00e9t\u00e9 remplac\u00e9 ? \u00c7a, on va pas vous le dire. Vous allez le d\u00e9couvrir \ud83d\ude09&#8230; Une bonne raison de le regarder deux fois !<\/p>\n\n\n\n<p>Retrouvez \u00e9galement <strong>en bonus<\/strong> la vid\u00e9o du Secret Santa de l&#8217;AMV C\u00e9leste, mont\u00e9 et chapeaut\u00e9 par MaxaoH, o\u00f9 13 monteurs se sont \u00e9chang\u00e9s des sources maudites. Vous pouvez la t\u00e9l\u00e9charger <strong><a href=\"https:\/\/neantvert.eu\/celeste\/AMVCelesteSecretSanta2025.mkv\" data-type=\"link\" data-id=\"https:\/\/neantvert.eu\/celeste\/AMVCelesteSecretSanta2025.mkv\">en cliquant ici.<\/a><\/strong><\/p>\n\n\n\n<p><\/p>\n\n\n\n<h2 class=\"wp-block-heading\">AMV C\u00e9leste 2<\/h2>\n\n\n\n<p>Sortie pr\u00e9vue le mois suivant la diffusion, pr\u00e9vue <strong>au mois de mai 2026.<\/strong><\/p>\n","protected":false},"excerpt":{"rendered":"<p>Bonjour \u00e0 tous et \u00e0 toutes et bienvenue sur la page d\u00e9di\u00e9e au t\u00e9l\u00e9chargement et au visionnage des vid\u00e9os ! AMV C\u00e9leste Vous pouvez t\u00e9l\u00e9charger le fichier MKV de 1,8 Go de deux mani\u00e8res: Le fichier MKV contient: La vid\u00e9o est \u00e9galement disponible sur Youtube, attention certains skits ont \u00e9t\u00e9 [&hellip;]<\/p>\n","protected":false},"author":1,"featured_media":333,"parent":0,"menu_order":0,"comment_status":"closed","ping_status":"closed","template":"","meta":{"footnotes":""},"class_list":["post-331","page","type-page","status-publish","has-post-thumbnail","hentry"],"jetpack_sharing_enabled":true,"_links":{"self":[{"href":"https:\/\/neantvert.eu\/celeste\/wp-json\/wp\/v2\/pages\/331","targetHints":{"allow":["GET"]}}],"collection":[{"href":"https:\/\/neantvert.eu\/celeste\/wp-json\/wp\/v2\/pages"}],"about":[{"href":"https:\/\/neantvert.eu\/celeste\/wp-json\/wp\/v2\/types\/page"}],"author":[{"embeddable":true,"href":"https:\/\/neantvert.eu\/celeste\/wp-json\/wp\/v2\/users\/1"}],"replies":[{"embeddable":true,"href":"https:\/\/neantvert.eu\/celeste\/wp-json\/wp\/v2\/comments?post=331"}],"version-history":[{"count":10,"href":"https:\/\/neantvert.eu\/celeste\/wp-json\/wp\/v2\/pages\/331\/revisions"}],"predecessor-version":[{"id":556,"href":"https:\/\/neantvert.eu\/celeste\/wp-json\/wp\/v2\/pages\/331\/revisions\/556"}],"wp:featuredmedia":[{"embeddable":true,"href":"https:\/\/neantvert.eu\/celeste\/wp-json\/wp\/v2\/media\/333"}],"wp:attachment":[{"href":"https:\/\/neantvert.eu\/celeste\/wp-json\/wp\/v2\/media?parent=331"}],"curies":[{"name":"wp","href":"https:\/\/api.w.org\/{rel}","templated":true}]}}