{"id":34,"date":"2020-11-02T02:21:40","date_gmt":"2020-11-02T01:21:40","guid":{"rendered":"http:\/\/neantvert.eu\/celeste\/?page_id=34"},"modified":"2025-05-30T15:59:43","modified_gmt":"2025-05-30T13:59:43","slug":"amv-celeste-cest-quoi","status":"publish","type":"page","link":"https:\/\/neantvert.eu\/celeste\/amv-celeste-cest-quoi\/","title":{"rendered":"AMV C\u00e9leste, c&#8217;est quoi ?"},"content":{"rendered":"\n<p>Bienvenue \u00e0 tous et toutes et bienvenue dans cette page qui n&#8217;existe que pour r\u00e9pondre \u00e0 une question simple: <strong>c&#8217;est quoi ce projet &#8220;d&#8217;AMV C\u00e9leste&#8221; ?<\/strong><\/p>\n\n\n\n<p>L&#8217;AMV C\u00e9leste est un projet collaboratif reposant sur la formule lanc\u00e9e en 2004 par <a href=\"https:\/\/www.amvhell.com\/\" data-type=\"URL\" data-id=\"https:\/\/www.amvhell.com\/\">l&#8217;<strong>AMV Hell<\/strong><\/a> et popularis\u00e9e en France par la sortie en 2011 de <strong><a href=\"http:\/\/amvenfer.fr\/\">l&#8217;AMV Enfer<\/a>.<\/strong> Le concept est simple: un long-m\u00e9trage (entre une heure et une heure et demie) compilant une quantit\u00e9 large de &#8220;skits&#8221;, des mini-AMV d&#8217;une dur\u00e9e maximale de trente secondes. Ces skits sont reli\u00e9s entre eux par des petites transitions anim\u00e9es et s&#8217;encha\u00eenent sans discontinuer pendant toute la dur\u00e9e de l\u2019\u0153uvre. Skits produits par une large vari\u00e9t\u00e9 d&#8217;auteurs, \u00e0 l&#8217;exp\u00e9rience et aux id\u00e9es tr\u00e8s diverses.<\/p>\n\n\n\n<p>Ah, et si jamais vous ignorez ce que sont les AMV, c&#8217;est des <em>Anime Music Videos<\/em> donc, en gros, des vid\u00e9os m\u00e9langeant musique et extraits d&#8217;anim\u00e9s divers et vari\u00e9s. La l\u00e9gende veut que 50% de Youtube, en 2006, fut compos\u00e9 d&#8217;AMV mettant en sc\u00e8ne <em>Naruto<\/em> et diff\u00e9rents titres interpr\u00e9t\u00e9s par le groupe am\u00e9ricain Linkin Park. <\/p>\n\n\n\n<p>Donc bref, alors que les AMV Hell ont tir\u00e9s leur derni\u00e8re r\u00e9v\u00e9rence en 2014 et que l&#8217;AMV Enfer 4 est en production depuis maintenant une demie-d\u00e9cennie avec l&#8217;objectif d&#8217;offrir le r\u00e9sultat le plus soign\u00e9 possible, il paraissait int\u00e9ressant de venir proposer un nouveau projet. <\/p>\n\n\n\n<p>Entre donc l&#8217;AMV C\u00e9leste.<\/p>\n\n\n\n<p><\/p>\n\n\n\n<h2 class=\"wp-block-heading\">Qu&#8217;attendre de ce projet ?<\/h2>\n\n\n\n<p>D\u00e9j\u00e0, oui, ce n&#8217;est pas un hasard de calendrier: l&#8217;AMV C\u00e9leste est d\u00e9j\u00e0 l\u00e0 pour c\u00e9l\u00e9brer les dix ans de la sortie du premier AMV Enfer.<\/p>\n\n\n\n<p>Cela \u00e9tant dit, l&#8217;AMV C\u00e9leste a \u00e9galement des objectifs simples, qui vont \u00eatre guid\u00e9 par deux mots importants: <strong>l<\/strong>&#8216;<strong>Amusement<\/strong> et la <strong>Vari\u00e9t\u00e9.<\/strong><\/p>\n\n\n\n<p><strong>L&#8217;Amusement:<\/strong> l&#8217;ambition, simple, c&#8217;est que le public s&#8217;amuse \u00e0 la regarder ! Un peu d&#8217;action, pas mal de trucs <em>cools<\/em>, beaucoup d&#8217;humour, une pinc\u00e9e d&#8217;\u00e9motion: on souhaite que le public passe un bon moment. Mais, aussi, plus important, que ceux qui participent au projet <em>s&#8217;amusent \u00e9galement.<\/em> Qu&#8217;ils se l\u00e2chent, qu&#8217;ils prennent plaisir \u00e0 mettre en forme leurs id\u00e9es, \u00e0 les travailler, \u00e0 les discuter voire m\u00eame prennent plaisir \u00e0 d\u00e9couvrir la joie du montage vid\u00e9o&#8230;<\/p>\n\n\n\n<p><strong>La Vari\u00e9t\u00e9:<\/strong> L&#8217;envie, \u00e9galement, c&#8217;est de rendre hommage \u00e0 presque soixante ans de production d&#8217;animation japonaise et \u00e0 un \u00e9ventail large de la popculture mondiale. Cela va passer par un grand travail en terme de <em>vari\u00e9t\u00e9<\/em> &#8211; faire en sorte de retrouver un grand nombre d&#8217;anim\u00e9s diff\u00e9rents mais aussi un large catalogue d&#8217;extraits audio. Tous les efforts dans ce sens seront encourag\u00e9s au sein de la cr\u00e9ation du projet, pour avoir un kal\u00e9idoscope le plus d\u00e9jant\u00e9 possible !<\/p>\n\n\n\n<p>En terme de longueur, l&#8217;objectif est d&#8217;atteindre une dur\u00e9e de petit long-m\u00e9trage: <strong>entre une heure et une heure et demie.<\/strong> On ira pas au del\u00e0.<\/p>\n\n\n\n<p><span style=\"text-decoration: underline;\"><\/span><span style=\"text-decoration: underline;\"><\/span><span style=\"text-decoration: underline;\"><\/span>Enfin, comme insinu\u00e9 dans la partie &#8220;Amusement&#8221;, l&#8217;espoir de ce projet est aussi <strong>de permettre aux d\u00e9butants d&#8217;avoir un projet sur lequel se lancer.<\/strong> L&#8217;envie est vraiment d&#8217;offrir une plate-forme id\u00e9ale pour ceux qui d\u00e9marrent et s&#8217;y lancent avec l&#8217;espoir de vous offrir une vraie \u00e9coute, de l&#8217;aide, des conseils, des suggestions et tout ce qu&#8217;il faut pour mettre le pied \u00e0 l&#8217;\u00e9trier !<\/p>\n\n\n\n<p><\/p>\n\n\n\n<h2 class=\"wp-block-heading\">Qui g\u00e8re \u00e7a ?<\/h2>\n\n\n\n<p>Bonjour moi c&#8217;est Amo !<\/p>\n\n\n\n<p>Je suis fana du format depuis 2008, et j&#8217;ai contribu\u00e9 \u00e0 l&#8217;exporter en France entre autres en diffusant les AMV Hell en convention francophone d\u00e8s 2010. Fid\u00e8le participant \u00e0 l&#8217;AMV Enfer, j&#8217;ai \u00e9galement produit en 2013 et 2015 deux projets similaires: <a href=\"http:\/\/neantvert.eu\/celeste\/amv-deja-vu\/\" data-type=\"page\" data-id=\"41\">l&#8217;AMV D\u00e9j\u00e0 Vu<\/a> et <a href=\"http:\/\/neantvert.eu\/celeste\/amv-pas-convaincu\/\" data-type=\"page\" data-id=\"44\">l&#8217;AMV Pas Convaincu<\/a>.<\/p>\n\n\n\n<p>Je suis \u00e9galement pr\u00e9sident de l&#8217;association Forum Thalie, podcasteur via l&#8217;\u00e9mission Kaorin et l&#8217;\u00e9mission Batoru, organisateur des Prix Minorin, blogueur sur N\u00e9ant Vert et seule personne \u00e0 penser s\u00e9rieusement que Alpha Protocol est peut-\u00eatre le meilleur jeu de la Xbox 360.<\/p>\n\n\n\n<p>Enchant\u00e9 ! <a href=\"https:\/\/twitter.com\/PiscesAmo\" data-type=\"URL\" data-id=\"https:\/\/twitter.com\/PiscesAmo\">Vous pouvez me contacter sur Twitter si vous voulez.<\/a><\/p>\n\n\n<div class=\"wp-block-image\">\n<figure class=\"aligncenter size-large\"><img loading=\"lazy\" decoding=\"async\" width=\"300\" height=\"200\" src=\"http:\/\/neantvert.eu\/celeste\/wp-content\/uploads\/2020\/11\/intense-writing.gif\" alt=\"\" class=\"wp-image-90\"\/><\/figure>\n<\/div>\n\n\n<h2 class=\"wp-block-heading\">Foire aux questions rapide<\/h2>\n\n\n\n<p>Questions tr\u00e8s rapides que vous vous posez peut-\u00eatre &#8211;<\/p>\n\n\n\n<h4 class=\"wp-block-heading\"><strong>\u00c7<\/strong>a<strong> sera diffus\u00e9 dans quel contexte ?<\/strong><\/h4>\n\n\n\n<p>L&#8217;espoir est de pouvoir le diffuser au printemps, autour du mois de mai, dans le cadre d&#8217;une convention ou d&#8217;un salon. <\/p>\n\n\n\n<p>\u00c9videmment, COVID \u00e9tant COVID, c&#8217;est une probabilit\u00e9 mince. Auquel cas la diffusion se fera \u00e0 une date annonc\u00e9e en avance sur mon twitch personnel, piscesamo. <\/p>\n\n\n\n<h4 class=\"wp-block-heading\">Est-ce que si je t&#8217;envoie des AMV refus\u00e9s d&#8217;autres projets, tu le prends mal ?<\/h4>\n\n\n\n<p>Non, pas vraiment. Apr\u00e8s tout, l&#8217;AMV C\u00e9leste est le descendant de l&#8217;AMV Pas Convaincu qui s&#8217;\u00e9tait occup\u00e9 de chercher les trucs comestibles et savoureux dans les poubelles de l&#8217;AMV Enfer 3&#8230; et \u00e7a avait pas trop mal march\u00e9.<\/p>\n\n\n\n<p>Si vous avez la confirmation \u00e0 100% qu&#8217;un de vos AMV a \u00e9t\u00e9 refus\u00e9 d&#8217;un autre projet, tentez votre chance !<\/p>\n\n\n\n<p>A l&#8217;inverse, <strong>m&#8217;envoyez absolument pas un skit d\u00e9j\u00e0 accept\u00e9 ailleurs.<\/strong> Ca c&#8217;est <em>dame dame<\/em> comme ils disent au Japon.<\/p>\n\n\n\n<h4 class=\"wp-block-heading\">Est-ce que les noms des contributeurs continueront \u00e0 appara\u00eetre dans les transitions entre deux skits, AMV Enfer-style ?<\/h4>\n\n\n\n<p>Yep ! Si les transitions seront plus sobres, on gardera l&#8217;id\u00e9e de &#8220;signature&#8221;, accompagn\u00e9 peut-\u00eatre d&#8217;une image ou d&#8217;un symbole qui vous repr\u00e9sentera.<\/p>\n\n\n\n<p>Si vous souhaitez rester anonyme, pas de souci, signalez le !<\/p>\n\n\n\n<h4 class=\"wp-block-heading\">Comment Vegas peut-il arr\u00eater de planter de mani\u00e8re al\u00e9atoire ?<\/h4>\n\n\n\n<p>Personne ne le sait encore, d\u00e9sol\u00e9. <\/p>\n","protected":false},"excerpt":{"rendered":"<p>Bienvenue \u00e0 tous et toutes et bienvenue dans cette page qui n&#8217;existe que pour r\u00e9pondre \u00e0 une question simple: c&#8217;est quoi ce projet &#8220;d&#8217;AMV C\u00e9leste&#8221; ? L&#8217;AMV C\u00e9leste est un projet collaboratif reposant sur la formule lanc\u00e9e en 2004 par l&#8217;AMV Hell et popularis\u00e9e en France par la sortie en [&hellip;]<\/p>\n","protected":false},"author":1,"featured_media":56,"parent":0,"menu_order":0,"comment_status":"closed","ping_status":"closed","template":"","meta":{"footnotes":""},"class_list":["post-34","page","type-page","status-publish","has-post-thumbnail","hentry"],"jetpack_sharing_enabled":true,"_links":{"self":[{"href":"https:\/\/neantvert.eu\/celeste\/wp-json\/wp\/v2\/pages\/34","targetHints":{"allow":["GET"]}}],"collection":[{"href":"https:\/\/neantvert.eu\/celeste\/wp-json\/wp\/v2\/pages"}],"about":[{"href":"https:\/\/neantvert.eu\/celeste\/wp-json\/wp\/v2\/types\/page"}],"author":[{"embeddable":true,"href":"https:\/\/neantvert.eu\/celeste\/wp-json\/wp\/v2\/users\/1"}],"replies":[{"embeddable":true,"href":"https:\/\/neantvert.eu\/celeste\/wp-json\/wp\/v2\/comments?post=34"}],"version-history":[{"count":12,"href":"https:\/\/neantvert.eu\/celeste\/wp-json\/wp\/v2\/pages\/34\/revisions"}],"predecessor-version":[{"id":368,"href":"https:\/\/neantvert.eu\/celeste\/wp-json\/wp\/v2\/pages\/34\/revisions\/368"}],"wp:featuredmedia":[{"embeddable":true,"href":"https:\/\/neantvert.eu\/celeste\/wp-json\/wp\/v2\/media\/56"}],"wp:attachment":[{"href":"https:\/\/neantvert.eu\/celeste\/wp-json\/wp\/v2\/media?parent=34"}],"curies":[{"name":"wp","href":"https:\/\/api.w.org\/{rel}","templated":true}]}}