{"id":36,"date":"2020-11-02T02:33:02","date_gmt":"2020-11-02T01:33:02","guid":{"rendered":"http:\/\/neantvert.eu\/celeste\/?page_id=36"},"modified":"2025-07-09T16:18:08","modified_gmt":"2025-07-09T14:18:08","slug":"participer","status":"publish","type":"page","link":"https:\/\/neantvert.eu\/celeste\/participer\/","title":{"rendered":"Participer"},"content":{"rendered":"\n<p>Vous souhaitez participer ? Merci beaucoup ! <\/p>\n\n\n\n<p>Avant de nous envoyer vos skits, merci de lire ces demandes:<\/p>\n\n\n\n<ul class=\"wp-block-list\">\n<li>D&#8217;un point de vue technique: la vid\u00e9o doit \u00eatre de format mp4, avec une r\u00e9solution <em>minimale <\/em>de <strong>1280&#215;720<\/strong> et <strong>23,9<\/strong> frames par seconde. Si vous pouvez envoyer \u00e0 <strong>1920 x 1080<\/strong> c&#8217;est encore mieux, car la vid\u00e9o essaiera d&#8217;\u00eatre en 1080p ! Essayez de prendre \u00e0 chaque fois <strong>la meilleure version possible <\/strong>de l&#8217;anime que vous utilisez &#8211; si la s\u00e9rie existe en version BluRay, privil\u00e9giez dans la majorit\u00e9 des cas celle-ci. <\/li>\n\n\n\n<li>D&#8217;un point de vue dur\u00e9e, la recommandation est de <strong>trente secondes maximum.<\/strong> Une l\u00e9g\u00e8re tol\u00e9rance sera appliqu\u00e9e si le skit est un peu plus long, mais ne jouez pas avec le feu car plus \u00e7a d\u00e9passe, plus on sera exigeant !<\/li>\n\n\n\n<li>Dans tous les cas, <strong>les skits de plus de quarante secondes <\/strong>seront syst\u00e9matiquement refus\u00e9s.<\/li>\n\n\n\n<li>A l&#8217;inverse, les skits <strong>de moins de deux secondes<\/strong> <strong>(inclus)<\/strong> seront syst\u00e9matiquement refus\u00e9s.<\/li>\n\n\n\n<li><strong>La deadline est fix\u00e9e d\u00e9finitivement au dimanche 5 avril 2026, 23h59.<\/strong><\/li>\n\n\n\n<li>T\u00e2chez de <strong>donner un num\u00e9ro \u00e0 vos propositions de skits, et ce dans le nom du fichier. <\/strong>Ca permet de mon c\u00f4t\u00e9 un suivi plus simple.<\/li>\n\n\n\n<li>Non accept\u00e9s: l&#8217;extr\u00eame violence, la pornographie et, plus g\u00e9n\u00e9ralement, les contenus interdits par la loi fran\u00e7aise. Dans tous les cas, souvenez-vous que la vid\u00e9o sera projet\u00e9e en salons et conventions.<\/li>\n<\/ul>\n\n\n\n<p><\/p>\n\n\n\n<p><strong><a href=\"https:\/\/docs.google.com\/document\/d\/1QZ0dkm3dFZc5dQr3jVx3HvTIClCLZl5exkHOfL-BLxo\/edit?tab=t.0#heading=h.4n6a73ckrkb9\">Un guide via Google Docs a \u00e9galement \u00e9t\u00e9 mis en place par MaxaoH ! <\/a><\/strong><\/p>\n\n\n\n<h2 class=\"wp-block-heading\"><\/h2>\n\n\n\n<h2 class=\"wp-block-heading\">Sources sonores syst\u00e9matiquement refus\u00e9es<\/h2>\n\n\n\n<p>De la m\u00eame mani\u00e8re, on essaie de faire attention \u00e0 ne pas r\u00e9p\u00e9ter trop souvent les m\u00eames artistes musicaux ou les sources issues &#8220;des m\u00eames origines&#8221; (extraits sonores impliquant un Youtubeur, une \u00e9mission de sketchs, etc.)<\/p>\n\n\n\n<p>La limite est de <strong>trois<\/strong> pour les artistes musicaux, et se fera au cas pour cas pour les humoristes \/ streamers \/ films, etc.<\/p>\n\n\n\n<p><strong><span style=\"text-decoration: underline;\">Pour l&#8217;instant, aucune source musicale n&#8217;a atteint ce seuil.<\/span><\/strong><\/p>\n\n\n\n<p><\/p>\n\n\n<div class=\"wp-block-image\">\n<figure class=\"aligncenter size-large\"><img loading=\"lazy\" decoding=\"async\" width=\"498\" height=\"250\" src=\"http:\/\/neantvert.eu\/celeste\/wp-content\/uploads\/2020\/11\/tenor.gif\" alt=\"\" class=\"wp-image-61\"\/><figcaption class=\"wp-element-caption\">Let&#8217;s enjoy&#8230;. RESOLVE LIFE !<\/figcaption><\/figure>\n<\/div>\n\n\n<h2 class=\"wp-block-heading\">Peur d&#8217;utiliser une source sonore d\u00e9j\u00e0 utilis\u00e9e et donc de travailler pour rien sur un skit ?<\/h2>\n\n\n\n<p><\/p>\n\n\n\n<p>Un document a \u00e9t\u00e9 mis en place pour lister les sources accept\u00e9es jusqu&#8217;ici au sein du projet &#8211; il est mis \u00e0 jour environ une fois toutes les deux semaines mais vous permet d\u00e9j\u00e0 d&#8217;avoir une id\u00e9e des sons accept\u00e9s. Si un anime est d\u00e9j\u00e0 pr\u00e9sent dans la liste, pas de souci rassurez-vous ! <\/p>\n\n\n\n<p><strong><a href=\"https:\/\/docs.google.com\/spreadsheets\/d\/13McL44JRu-qCl_LR_6uCGOJzMMgR_TNmvmWCLkw2_H4\/edit?usp=sharing\">Lien vers le doc. <\/a><\/strong><\/p>\n\n\n\n<p><\/p>\n\n\n\n<h2 class=\"wp-block-heading\">Pas s\u00fbr de vous ? Besoin d&#8217;un retour avant l&#8217;envoi ?<\/h2>\n\n\n\n<p>N&#8217;h\u00e9sitez pas \u00e0 passer <a href=\"https:\/\/discord.gg\/UrYA5WbKJb\">sur le <strong>Discord<\/strong><\/a> pour poster votre projet de skit et demander des retours ! Des sections d\u00e9di\u00e9es sont \u00e0 votre disposition pour cela.<\/p>\n\n\n\n<p><\/p>\n\n\n\n<p><\/p>\n\n\n\n<h2 class=\"wp-block-heading\">Tout est ok ? Envoyez vos skits !<\/h2>\n\n\n\n<p>Tout se fait pour l&#8217;instant \u00e0 l&#8217;ancienne, par mail&#8230;<\/p>\n\n\n\n<p>Envoyez vos skits \u00e0 l&#8217;adresse suivante: <strong><a href=\"mailto:amo.teur@gmail.com\">amo.teur@gmail.com<\/a><\/strong><\/p>\n\n\n\n<p>Accompagnez vos skits des <strong>r\u00e9f\u00e9rences<\/strong>: le nom des anim\u00e9s utilis\u00e9s et, surtout, le nom des sources sonores utilis\u00e9es.<\/p>\n\n\n\n<p>N&#8217;h\u00e9sitez pas \u00e0 utiliser un service externe de stockage comme WeTransfer en cas d&#8217;envoi massif.<\/p>\n\n\n\n<p>Une r\u00e9ponse dans les 72 heures t\u00e2chera <strong>d&#8217;\u00eatre assur\u00e9e.<\/strong> <\/p>\n\n\n\n<p>Si jamais vous ne recevez pas de r\u00e9ponses pass\u00e9 ce d\u00e9lai, <span style=\"text-decoration: underline;\">n&#8217;h\u00e9sitez pas<\/span> \u00e0 m&#8217;envoyer un DM sur Bluesky (<strong><a href=\"https:\/\/bsky.app\/profile\/amoaimo.bsky.social\">Amo Aimo<\/a><\/strong>) ou <strong><a href=\"https:\/\/discord.gg\/UrYA5WbKJb\" data-type=\"link\" data-id=\"https:\/\/discord.gg\/UrYA5WbKJb\">\u00e0 me highlighter sur le Discord dans un des chans consacr\u00e9s<\/a><\/strong>. Ne serait-ce que pour bien me demander confirmation de la r\u00e9ception du mail &#8211; \u00e7a peut se perdre ces choses l\u00e0.<\/p>\n\n\n\n<p>Enfin, un dernier rappel: <strong>la deadline c&#8217;est le dimanche 5 avril 2026, 23h59.<\/strong><\/p>\n","protected":false},"excerpt":{"rendered":"<p>Vous souhaitez participer ? Merci beaucoup ! Avant de nous envoyer vos skits, merci de lire ces demandes: Un guide via Google Docs a \u00e9galement \u00e9t\u00e9 mis en place par MaxaoH ! Sources sonores syst\u00e9matiquement refus\u00e9es De la m\u00eame mani\u00e8re, on essaie de faire attention \u00e0 ne pas r\u00e9p\u00e9ter trop [&hellip;]<\/p>\n","protected":false},"author":1,"featured_media":38,"parent":0,"menu_order":0,"comment_status":"closed","ping_status":"closed","template":"","meta":{"footnotes":""},"class_list":["post-36","page","type-page","status-publish","has-post-thumbnail","hentry"],"jetpack_sharing_enabled":true,"_links":{"self":[{"href":"https:\/\/neantvert.eu\/celeste\/wp-json\/wp\/v2\/pages\/36","targetHints":{"allow":["GET"]}}],"collection":[{"href":"https:\/\/neantvert.eu\/celeste\/wp-json\/wp\/v2\/pages"}],"about":[{"href":"https:\/\/neantvert.eu\/celeste\/wp-json\/wp\/v2\/types\/page"}],"author":[{"embeddable":true,"href":"https:\/\/neantvert.eu\/celeste\/wp-json\/wp\/v2\/users\/1"}],"replies":[{"embeddable":true,"href":"https:\/\/neantvert.eu\/celeste\/wp-json\/wp\/v2\/comments?post=36"}],"version-history":[{"count":20,"href":"https:\/\/neantvert.eu\/celeste\/wp-json\/wp\/v2\/pages\/36\/revisions"}],"predecessor-version":[{"id":408,"href":"https:\/\/neantvert.eu\/celeste\/wp-json\/wp\/v2\/pages\/36\/revisions\/408"}],"wp:featuredmedia":[{"embeddable":true,"href":"https:\/\/neantvert.eu\/celeste\/wp-json\/wp\/v2\/media\/38"}],"wp:attachment":[{"href":"https:\/\/neantvert.eu\/celeste\/wp-json\/wp\/v2\/media?parent=36"}],"curies":[{"name":"wp","href":"https:\/\/api.w.org\/{rel}","templated":true}]}}