{"id":41,"date":"2020-11-02T02:47:11","date_gmt":"2020-11-02T01:47:11","guid":{"rendered":"http:\/\/neantvert.eu\/celeste\/?page_id=41"},"modified":"2020-11-02T02:47:12","modified_gmt":"2020-11-02T01:47:12","slug":"amv-deja-vu","status":"publish","type":"page","link":"https:\/\/neantvert.eu\/celeste\/amv-deja-vu\/","title":{"rendered":"AMV D\u00e9j\u00e0 Vu"},"content":{"rendered":"\n<p>Diffus\u00e9 pour la premi\u00e8re fois lors de la Japan Expo de 2013, l&#8217;AMV D\u00e9j\u00e0 Vu est le premier projet d&#8217;AMV collaboratif que j&#8217;ai pu chapeauter. <\/p>\n\n\n\n<p>Son concept \u00e9tait simple: tous les skits envoy\u00e9s devaient utiliser un extrait vid\u00e9o, une musique ou un extrait audio d\u00e9j\u00e0 utilis\u00e9 dans un AMV Hell ou un AMV Enfer. D&#8217;o\u00f9 le &#8220;D\u00e9j\u00e0 Vu&#8221; du titre qui n&#8217;est, h\u00e9las, pas un hommage \u00e0 Initial D.<\/p>\n\n\n\n<p>La deadline \u00e9tait remarquablement courte (un mois et demi entre l&#8217;annonce du projet et la cl\u00f4ture) mais une dizaine de contributeurs ont r\u00e9pondus \u00e0 l&#8217;appel, avec un enthousiasme que je remercie encore aujourd&#8217;hui !<\/p>\n\n\n\n<p>La vid\u00e9o est disponible sur Vimeo:<\/p>\n\n\n\n<figure class=\"wp-block-embed is-type-video is-provider-vimeo\"><div class=\"wp-block-embed__wrapper\">\n<iframe loading=\"lazy\" title=\"AMV D&amp;eacute;j&amp;agrave; Vu\" src=\"https:\/\/player.vimeo.com\/video\/69945844?dnt=1&amp;app_id=122963\" width=\"750\" height=\"422\" frameborder=\"0\" allow=\"autoplay; fullscreen\" allowfullscreen><\/iframe>\n<\/div><\/figure>\n\n\n\n<p><a href=\"https:\/\/vimeo.com\/69945844\">AMV D\u00e9j\u00e0 Vu<\/a> from <a href=\"https:\/\/vimeo.com\/piscesamo\">Amo<\/a> on <a href=\"https:\/\/vimeo.com\">Vimeo<\/a>.<\/p>\n\n\n\n<p>Mais cela peut aussi \u00eatre t\u00e9l\u00e9charg\u00e9 par le biais des liens suivants:<\/p>\n\n\n\n<p><a href=\"http:\/\/neantvert.eu\/AMVDejaVu.mp4\">Cliquez ici pour t\u00e9l\u00e9charger le fichier mp4 HAUTE QUALIT\u00c9 (clic gauche + Enregistrer sous&#8230;)<\/a>&nbsp;Taille: 819 Mo<\/p>\n\n\n\n<p><a href=\"http:\/\/neantvert.eu\/AMVDejaVuSD.mp4\">Cliquez ici pour t\u00e9l\u00e9charger le fichier mp4 BASSE QUALIT\u00c9 <\/a>Taille: 187 Mo<\/p>\n\n\n\n<p><a href=\"http:\/\/neantvert.eu\/AMVDejaVu.ass\">Cliquez ici pour t\u00e9l\u00e9charger les sous-titres<\/a><\/p>\n\n\n\n<p><a href=\"http:\/\/neantvert.eu\/CommentaireAudioAMVDEJAVU.mp3\">Cliquez ici pour t\u00e9l\u00e9charger le commentaire audio<\/a><\/p>\n\n\n\n<p><\/p>\n\n\n\n<p><strong>Cr\u00e9dits:<\/strong><\/p>\n\n\n\n<p>Intro<br>Woy<br>La Travers\u00e9e du Temps<br>Nightwish &#8211; Scaretale<br>+ Eduard Khil \u2013 Je suis tr\u00e8s heureux d&#8217;\u00eatre revenu \u00e0 la maison<\/p>\n\n\n\n<p>MEB<br>Tokyo Magnitude 8.0 [AMV Hell \u00e0 Probl\u00e8mes]<br>Jock Jams &#8211; Are You Ready For This [AMV Enfer]<\/p>\n\n\n\n<p>Dr.Nock<br>Potemayo<br>Perry Gripp &#8211; Nom nom nom nom nom nom [AMV Hell 5]<\/p>\n\n\n\n<p>Amo<br>L&#8217;Attaque des Titans<br>Pub pour Raider [AMV Enfer]<\/p>\n\n\n\n<p>Shrykull<br>Jojo&#8217;s Bizarre Adventure<br>Jenifer &#8211; Au Soleil [AMV Enfer 2]<\/p>\n\n\n\n<p>Melow<br>Bakuman<br>Madoka qui chouine [AMV Enfer 2]<\/p>\n\n\n\n<p>Woy<br>Dragon Ball<br>LMFAO &#8211; I&#8217;m Sexy And I Know It [AMV Hell 6.66]<\/p>\n\n\n\n<p>Shar<br>Nichijou [AMV Enfer 2]<br>Iron Man Opening Theme<\/p>\n\n\n\n<p>Amo<br>La Travers\u00e9e du Temps<br>Linked Horizon &#8211; Guren no Yumiya<\/p>\n\n\n\n<p>Shar<br>Clannad After Story<br>Fountain of Wayne &#8211; Stacy&#8217;s Mom [AMV Hell 0, AMV Enfer]<\/p>\n\n\n\n<p>Kal\u00e9id<br>Sakurasou no Pet na Kanojo<br>Haddaway &#8211; What Is Love [AMV Hell 3]<\/p>\n\n\n\n<p>Elwingil<br>Mirai Nikki<br>Busted! &#8211; Psycho Girlfriend [AMV Hell 5]<\/p>\n\n\n\n<p>Melow<br>Accel World<br>Weird Al Yankovic &#8211; I&#8217;m Fat [AMV Hell 3]<\/p>\n\n\n\n<p>Amo<br>K-On!!<br>Scott Pilgrim vs the World [AMV Enfer]<br>+ les Griffin [AMV Hell 6.66]<\/p>\n\n\n\n<p>RdNetwork<br>Full Metal Alchemist Brotherhood<br>Gregoire &#8211; Ta main [AMV Enfer 2]<\/p>\n\n\n\n<p>Shar<br>Chibi Vampire Karin [AMV Enfer]<br>G\u00e9n\u00e9rique de Mordicus<\/p>\n\n\n\n<p>MEB<br>Fate\/Stay Night Unlimited Blade Works [AMV Enfer 2]<br>Wham! &#8211; Last Christmas<\/p>\n\n\n\n<p>Amo<br>Maria Holic [AMV Hell 5, AMV Enfer]<br>Shawn Michaels &#8211; Sexy Boy<\/p>\n\n\n\n<p>Elwingil<br>Tsubasa Reservoir Chronicles<br>Dr.Who Opening Theme [AMV Hell 5]<\/p>\n\n\n\n<p>Dr.Nock<br>Steins;Gate , La Travers\u00e9e du Temps [AMV Enfer 2]<br>DJ Guestar &#8211; Tchou Tchou [AMV Enfer 2]<\/p>\n\n\n\n<p>Shar<br>IS Infinite Stratos<br>Angry Video Game Nerd Sound Clip [AMV Hell \u00e0 Probl\u00e8mes]<\/p>\n\n\n\n<p>Woy<br>Kujibiki Unbalance<br>Tenacious D &#8211; Master Exploder [AMV Hell 4, AMV Enfer]<\/p>\n\n\n\n<p>Amo<br>To Love Darkness<br>Foreigner &#8211; Cold As Ice [AMV Enfer]<\/p>\n\n\n\n<p>Shar<br>Pok\u00e9mon<br>Youtube &#8211; Les Petits Poissons [AMV No-Hell]<\/p>\n\n\n\n<p>Le Commandant<br>Saint Seiya<br>Les Nuls &#8211; Tu t&#8217;es vu quand j&#8217;ai bu? [AMV Enfer 2]<\/p>\n\n\n\n<p>Amo<br>Sword Art Online<br>Jean-Jacques Goldman &#8211; Envole-moi [AMV Hell \u00e0 Probl\u00e8mes]<\/p>\n\n\n\n<p>HowlOfSaya<br>Btooom!!<br>The Hives &#8211; Tick Tick Boom [AMV Enfer 2]<\/p>\n\n\n\n<p>Shrykull<br>Oddworld L&#8217;Odyss\u00e9e d&#8217;Abe<br>Queen &#8211; Flash Opening Theme [AMV Hell 4, AMV Enfer]<\/p>\n\n\n\n<p>Shar<br>Angel Beats!<br>Red Dwarf \u00e9pisode 1 [AMV Hell \u00e0 Probl\u00e8mes]<\/p>\n\n\n\n<p>Shrykull &amp; Ley<br>La Travers\u00e9e du Temps<br>Queen &#8211; Don&#8217;t Stop Me Now [AMV Enfer 2, AMV Hell 6.66]<br>+ Jojo&#8217;s Bizarre Adventure Sound Clip [AMV Hell 4]<\/p>\n\n\n\n<p>Woy<br>Bible Black<br>Real Joy &#8211; La danse d&#8217;H\u00e9l\u00e8ne [AMV Enfer 2]<\/p>\n\n\n\n<p>Shar<br>Kokoro Connect<br>Myl\u00e8ne Farmer &#8211; Libertine [AMV Hell \u00e0 Probl\u00e8mes]<\/p>\n\n\n\n<p>Amo<br>Psycho-Pass<br>Lemon Demon &#8211; Knife Fight [AMV Hell 4]<\/p>\n\n\n\n<p>Kal\u00e9id<br>Hatarakou Maou-sama<br>Bon Jovi &#8211; You Give Love A Bad Name [AMV Enfer]<\/p>\n\n\n\n<p>Amo<br>Sword Art Online<br>Slayer &#8211; Raining Blood [AMV No-Hell]<\/p>\n\n\n\n<p>Shar<br>Pok\u00e9mon<br>Mister Jelly Commercial [AMV Enfer]<\/p>\n\n\n\n<p>Woy<br>Full Metal Panic Fumoffu!? [AMV Hell 5, AMV Enfer 2]<br>Weebl&#8217;s Stuff &#8211; Amazing Horse [AMV Hell 6.66]<\/p>\n\n\n\n<p>Amo<br>Puella Magi Madoka Magica [AMV Enfer 2, AMV Hell 6.66]<br>Dani Brilliant &#8211; Suzette<\/p>\n\n\n\n<p>Kamikazo<br>Death Note<br>Simple Plan &#8211; Untitled [AMV Enfer 2]<\/p>\n\n\n\n<p>Elwingil<br>Nisemonogatari, Bakemonogatari<br>Sublime &#8211; Date Rape [AMV Hell 3]<\/p>\n\n\n\n<p>Melow<br>Ano hi Mita Hana No Namae o Bokutachi wa Mada Shiranai<br>The Cranberries &#8211; Just My Imagination [AMV Enfer]<\/p>\n\n\n\n<p>Amo<br>Sasami-san@Ganbaranai<br>Rise Against &#8211; Prayer of the Refugee [AMV Enfer]<\/p>\n\n\n\n<p>Elwingil<br>Tsubasa Reservoir Chronicles<br>Calogero &#8211; En apesanteur [AMV Enfer 2]<\/p>\n\n\n\n<p>Shrykull<br>Tengen Toppa Gurren Lagann [AMV Enfer 2]<br>Foreigner &#8211; Girl on the Moon<\/p>\n\n\n\n<p>Amo<br>Les Enfants Loups Ame &amp; Yuki<br>Reel Big Fish &#8211; Hungry Like The Wolf [AMV Hell, AMV Enfer]<\/p>\n\n\n\n<p>Oxfonan<br>Gen d&#8217;Hiroshima [AMV Hell 2, AMV Enfer 2]<br>Imagine Dragons &#8211; Radioactive<\/p>\n\n\n\n<p>MEB<br>La Travers\u00e9e du Temps<br>Sandy Valentino &#8211; Pourquoi<\/p>\n\n\n\n<p>Amo<br>Sword Art Online<br>The Lonely Island &#8211; I Just Had Sex [AMV Hell 6.66]<\/p>\n\n\n\n<p>Shar<br>Ika Musume<br>Johnny Cash &#8211; Hurt [AMV Hell CE, AMV Enfer]<\/p>\n\n\n\n<p>Elwingil<br>Puella Magi Madoka Magica<br>Mark McCollum &#8211; Kill The Wabbit [AMV Hell 4]<\/p>\n\n\n\n<p>Woy<br>Kamisama Dolls [AMV No-Hell]<br>Bourvil &#8211; Pouet Pouet<\/p>\n\n\n\n<p>Amo<br>Kiss X Sis [AMV Hell 6.66]<br>Alain Souchon &#8211; Sous les Jupes Des Filles<\/p>\n\n\n\n<p>Kal\u00e9id<br>Nichijou<br>Metal Gear Solid &#8211; Alert [AMV Enfer]<\/p>\n\n\n\n<p>Shar<br>K-On!! [AMV Enfer]<br>Charlie, Mon h\u00e9ros &#8211; Le Partage<\/p>\n\n\n\n<p>Elwingil<br>La M\u00e9lancolie de Suzumiya Haruhi [AMV Hell 4, AMV Enfer]<br>Lapin Calin &#8211; DJ Lapin<\/p>\n\n\n\n<p>Amo<br>Sword Art Online<br>Leeroy Jenkins [AMV Enfer]<\/p>\n\n\n\n<p>Shar<br>Saint Seiya<br>Tryo &#8211; Serre moi [AMV Enfer 2]<\/p>\n\n\n\n<p>Dr.Nock<br>Gosick<br>Nightwish &#8211; I Want My Tears Back [AMV Enfer 2]<\/p>\n\n\n\n<p>Woy<br>Full Metal Panic Fumoffu !?<br>Men In Black Sound Clip [AMV Minis S02E11]<\/p>\n\n\n\n<p>Amo<br>To Aru Kagaku No Railgun S<br>Pink Floyd &#8211; Another Brick In The Wall [AMV Hell 4, AMV Enfer 2]<\/p>\n\n\n\n<p>Shar<br>IS Infinite Stratos<br>Toy Story &#8211; Jamais plus je ne volerai [AMV Enfer 2]<\/p>\n\n\n\n<p>MEB<br>Code Geass [AMV Hell 4, AMV Enfer]<br>Les Bisounours G\u00e9n\u00e9rique<\/p>\n\n\n\n<p>HowlOfSaya<br>Higurashi No Naku Koro Ni<br>Drowning Pool &#8211; Bodies [AMV Hell 3]<\/p>\n\n\n\n<p>Shrykull<br>The End of Evangelion [AMV Hell 4, AMV Enfer]<br>Daniel Balavoine &#8211; Mon fils, ma bataille<\/p>\n\n\n\n<p>Woy<br>Summer Wars<br>Epic Sax Guy NES Remix [AMV Enfer 2]<\/p>\n\n\n\n<p>Melow<br>Psycho-Pass<br>Claude Fran\u00e7ois &#8211; Si j&#8217;avais un marteau [AMV Enfer 2]<\/p>\n\n\n\n<p>Kal\u00e9id<br>Kaichou wa maid-sama<br>Legend of Zelda Ocarina of Time OST [AMV Enfer 2]<\/p>\n\n\n\n<p>Tsuchi<br>La Travers\u00e9e du Temps<br>Doroth\u00e9e &#8211; Tchou Tchou Le Petit Train<\/p>\n\n\n\n<p>Amo<br>Les Enfants Loups, Ame &amp; Yuki [AMV Hell 6.66]<br>Fall Out Boy &#8211; What&#8217;s This?<\/p>\n\n\n\n<p>Woy<br>Maji de Watashi ni Koi Shinasai [AMV Hell 6.66]<br>France Gall &#8211; Les Sucettes<\/p>\n\n\n\n<p>Elwingil<br>La Disparition &amp; La M\u00e9lancolie de Suzumiya Haruhi<br>Louis Armstrong &#8211; What A Wonderful World [AMV Enfer]<\/p>\n\n\n\n<p>Amo<br>The End of Evangelion [r\u00e9current]<br>The Doors &#8211; Touch Me<\/p>\n\n\n\n<p>Shar<br>Sayonara Zetsubou Sensei<br>The Police &#8211; Every Breath You Take [AMV Hell 0, AMV Enfer 2]<\/p>\n\n\n\n<p>MEB<br>Soul Eater [AMV Enfer]<br>300 [AMV Enfer]<br>+ Madness &#8211; One Step Beyond<\/p>\n\n\n\n<p>Shrykull<br>Le forum AMVHell.com, La M\u00e9lancolie de Suzumiya Haruhi<br>Teophany &#8211; Clocktown Majora&#8217;s Mask remixed, Matrix sound clip<\/p>\n\n\n\n<p>Le Commandant<br>Les Myst\u00e9rieuses Cit\u00e9s d&#8217;Or<br>Cindy Sander &#8211; Papillon de lumi\u00e8re [AMV No-Hell]<\/p>\n\n\n\n<p>Amo<br>Kamichu!<br>Joan Osborne &#8211; One Of Us [AMV Hell 4]<\/p>\n\n\n\n<p>Melow<br>Bakuman<br>Madoka qui chouine encore [AMV Enfer 2]<\/p>\n\n\n\n<p>Woy<br>La Travers\u00e9e du Temps<br>Bonnie Tyler &#8211; Holding Out For A Hero<\/p>\n\n\n\n<p>Elwingil<br>Fate\/Zero [AMV Enfer 2]<br>Jean Marc Anthony Kabeya &#8211; Ensemble Pour Toujours<\/p>\n\n\n\n<p>Shrykull<br>Higurashi No Naku Koro Ni [AMV Enfer]<br>Rita Mitsouko &#8211; Les histoires d&#8217;a<\/p>\n\n\n\n<p>Le Commandant<br>Animation Originale<br>Surprise<\/p>\n\n\n\n<p>Amo &#8211; Cr\u00e9dits<br>AMV Enfer 2, AMV Hell 6.66 et plein d&#8217;autres choses<br>Foster The People &#8211; Houdini<\/p>\n","protected":false},"excerpt":{"rendered":"<p>Diffus\u00e9 pour la premi\u00e8re fois lors de la Japan Expo de 2013, l&#8217;AMV D\u00e9j\u00e0 Vu est le premier projet d&#8217;AMV collaboratif que j&#8217;ai pu chapeauter. Son concept \u00e9tait simple: tous les skits envoy\u00e9s devaient utiliser un extrait vid\u00e9o, une musique ou un extrait audio d\u00e9j\u00e0 utilis\u00e9 dans un AMV Hell [&hellip;]<\/p>\n","protected":false},"author":1,"featured_media":42,"parent":0,"menu_order":0,"comment_status":"closed","ping_status":"closed","template":"","meta":{"footnotes":""},"class_list":["post-41","page","type-page","status-publish","has-post-thumbnail","hentry"],"jetpack_sharing_enabled":true,"_links":{"self":[{"href":"https:\/\/neantvert.eu\/celeste\/wp-json\/wp\/v2\/pages\/41","targetHints":{"allow":["GET"]}}],"collection":[{"href":"https:\/\/neantvert.eu\/celeste\/wp-json\/wp\/v2\/pages"}],"about":[{"href":"https:\/\/neantvert.eu\/celeste\/wp-json\/wp\/v2\/types\/page"}],"author":[{"embeddable":true,"href":"https:\/\/neantvert.eu\/celeste\/wp-json\/wp\/v2\/users\/1"}],"replies":[{"embeddable":true,"href":"https:\/\/neantvert.eu\/celeste\/wp-json\/wp\/v2\/comments?post=41"}],"version-history":[{"count":1,"href":"https:\/\/neantvert.eu\/celeste\/wp-json\/wp\/v2\/pages\/41\/revisions"}],"predecessor-version":[{"id":43,"href":"https:\/\/neantvert.eu\/celeste\/wp-json\/wp\/v2\/pages\/41\/revisions\/43"}],"wp:featuredmedia":[{"embeddable":true,"href":"https:\/\/neantvert.eu\/celeste\/wp-json\/wp\/v2\/media\/42"}],"wp:attachment":[{"href":"https:\/\/neantvert.eu\/celeste\/wp-json\/wp\/v2\/media?parent=41"}],"curies":[{"name":"wp","href":"https:\/\/api.w.org\/{rel}","templated":true}]}}