{"id":44,"date":"2020-11-02T02:58:17","date_gmt":"2020-11-02T01:58:17","guid":{"rendered":"http:\/\/neantvert.eu\/celeste\/?page_id=44"},"modified":"2020-11-02T02:58:18","modified_gmt":"2020-11-02T01:58:18","slug":"amv-pas-convaincu","status":"publish","type":"page","link":"https:\/\/neantvert.eu\/celeste\/amv-pas-convaincu\/","title":{"rendered":"AMV Pas Convaincu"},"content":{"rendered":"\n<p>Diffus\u00e9 pour la premi\u00e8re fois lors de la Japan Expo de 2015, <em>l&#8217;AMV Pas Convaincu<\/em> est un projet simple: r\u00e9unir le meilleur des AMV refus\u00e9s pour l&#8217;AMV Enfer 3, alors diffus\u00e9 un mois avant. Le titre vient ainsi des terribles mots &#8220;<em>Pas Convaincu<\/em>&#8221; que le Commandant, manitou du projet AMV Enfer 3, avait tendance \u00e0 utiliser pour refuser un skit \u00e0 cause d&#8217;un mauvais feeling. Cela a cr\u00e9e un traumatisme national.<\/p>\n\n\n\n<p>Dans tous les cas cela a occasionn\u00e9 une vid\u00e9o de quand m\u00eame 45 minutes, avec pas mal de bonnes surprises ! Je suis encore assez content de l&#8217;ensemble, qui est d\u00e9j\u00e0 assez proche dans l&#8217;esprit de ce que compte \u00eatre <em>l&#8217;AMV C\u00e9leste.<\/em><\/p>\n\n\n\n<p>La vid\u00e9o peut \u00eatre vue en streaming sur Dailymotion. Oui, \u00e9coutez, \u00e7a me fait bizarre d&#8217;\u00e9crire Dailymotion en 2020 mais contrairement <a href=\"https:\/\/www.youtube.com\/watch?v=0dkiY5WzFM8\" data-type=\"URL\" data-id=\"https:\/\/www.youtube.com\/watch?v=0dkiY5WzFM8\">\u00e0 la version Youtube<\/a> aucun skit n&#8217;a \u00e9t\u00e9 rendu muet par les robots du copyright.<\/p>\n\n\n\n<figure class=\"wp-block-embed-dailymotion wp-block-embed is-type-video is-provider-dailymotion wp-embed-aspect-16-9 wp-has-aspect-ratio\"><div class=\"wp-block-embed__wrapper\">\n<iframe loading=\"lazy\" title=\"AMV Pas Convaincu\" frameborder=\"0\" width=\"750\" height=\"421\" src=\"https:\/\/www.dailymotion.com\/embed\/video\/x2xyj95\" allowfullscreen allow=\"autoplay\"><\/iframe>\n<\/div><\/figure>\n\n\n\n<p>\u00c9videmment, la mani\u00e8re optimale de voir cette vid\u00e9o reste de la t\u00e9l\u00e9charger et de la regarder sur tous vos engins capables de lire le mp4. <\/p>\n\n\n\n<p><strong>Les trucs \u00e0 t\u00e9l\u00e9charger&nbsp;<\/strong>(<em>clic droit + enregistrer sous, svp)<\/em><\/p>\n\n\n\n<p><a href=\"http:\/\/neantvert.eu\/AMVPasConvaincu.mp4\">T\u00e9l\u00e9charger la vid\u00e9o (723 Mo)<\/a><\/p>\n\n\n\n<p><a href=\"http:\/\/neantvert.eu\/AMVPasConvaincu.ass\">T\u00e9l\u00e9charger les sous-titres<\/a><\/p>\n\n\n\n<p><a href=\"http:\/\/neantvert.eu\/CommentaireAudioAMVPASCONVAINCU.mp3\">T\u00e9l\u00e9charger le commentaire audio<\/a><\/p>\n\n\n\n<p><\/p>\n\n\n\n<p><strong>Cr\u00e9dits:<\/strong><\/p>\n\n\n\n<p>RdNetwork<br>D-Frag<br>Motorhead &#8211; The Game<\/p>\n\n\n\n<p>Zozolton<br>Fate\/Stay Night: Unlimited Blade Works (TV)<br>Friends<\/p>\n\n\n\n<p>Melow<br>Space Brothers<br>Frank Sinatra &#8211; Fly Me To The Moon<\/p>\n\n\n\n<p>Shar<br>Pok\u00e9mon<br>Les Nuls l&#8217;Emission<\/p>\n\n\n\n<p>Woy<br>Kill la Kill<br>Les Guignols de l&#8217;Info<\/p>\n\n\n\n<p>Elwingil<br>Tengen Toppa Gurren Lagann<br>PZK &#8211; Chui b\u00f4<\/p>\n\n\n\n<p>Amo<br>Les Enfants Loup, Ame &amp; Yuki<br>Les Rois de la Su\u00e8de &#8211; Y&#8217;a la ville<\/p>\n\n\n\n<p>Zozolton<br>DanganRonpa the Animation<br>Johnny Hallyday &#8211; Noir c&#8217;est Noir<\/p>\n\n\n\n<p>Shrykull<br>Detective Conan<br>Persona 4 Hiimdaisy Comic Dub<\/p>\n\n\n\n<p>Tachy<br>Touhou Project<br>Casseurs Flowters &#8211; 16h00 Tu m&#8217;dois d&#8217;l&#8217;oseille<\/p>\n\n\n\n<p>Ley<br>Tengen Toppa Gurren Lagann<br>Scott Pilgrim vs the World<\/p>\n\n\n\n<p>MaxaoH<br>Jin-Roh<br>La Chanson du Dimanche &#8211; Gardien de la Paix<\/p>\n\n\n\n<p>Amo<br>Kill la Kill<br>Idina Menzel &#8211; Let It Go (The Living Tombstone Remix)<\/p>\n\n\n\n<p>Melow<br>Nisekoi<br>Patrick Coutin &#8211; J&#8217;aime regarder les filles<\/p>\n\n\n\n<p>RdNetwork<br>Kids on the Slope<br>Michel Berger &#8211; La Groupie du Pianiste<\/p>\n\n\n\n<p>Amo<br>Mawaru Penguindrum<br>T\u00e9l\u00e9phone &#8211; Cendrillon<\/p>\n\n\n\n<p>Shar<br>Olive et Tom<br>Daniel Tr\u00e9zeguet &#8211; Je Marque Seul<\/p>\n\n\n\n<p>Sanji<br>Uta no Prince-sama Maji Love 1000%<br>Les Minikeums &#8211; Ma Melissa<\/p>\n\n\n\n<p>Elwingil<br>X 1999<br>Les Tontons Flingueurs<\/p>\n\n\n\n<p>Shrykull<br>Full Metal Alchemist<br>Brotherhood<br>Man vs Wild Intro<\/p>\n\n\n\n<p>Tachy<br>Free!<br>Sabrina &#8211; Boys Boys Boys<\/p>\n\n\n\n<p>Amo<br>HaNaYaMaTa<br>Man Without Hats &#8211; The Safety Dance<\/p>\n\n\n\n<p>RdNetwork<br>Jojo&#8217;s Bizarre Adventure Stardust Crusaders<br>The Rasmus &#8211; Ghostbusters<\/p>\n\n\n\n<p>Shar<br>Ken le Survivant<br>Pat Woods &#8211; Poor Lonesome Cowboy<\/p>\n\n\n\n<p>Woy<br>Yondemasu yo! Azazel-san Z<br>Slayer &#8211; Raining Blood<\/p>\n\n\n\n<p>HowlOfSaya<br>L&#8217;Attaque des Titans<br>Hoobastank &#8211; Out of Control<\/p>\n\n\n\n<p>Zozolton<br>GTO<br>Daniel Balavoine &#8211; Le chanteur<\/p>\n\n\n\n<p>Tarzan<br>Death Note<br>La Classe Am\u00e9ricaine<\/p>\n\n\n\n<p>Shar<br>K-On!!<br>La Cit\u00e9 de la Peur<\/p>\n\n\n\n<p>Ley<br>Gatchaman Crowds<br>Weird Al Yankovic &#8211; Perform This Way<\/p>\n\n\n\n<p>Elwingil<br>Golden Boy<br>Daniel Balavoine &#8211; Le chanteur<\/p>\n\n\n\n<p>Tarzan<br>Kill la Kill<br>Crush 40 &#8211; Escape the City<\/p>\n\n\n\n<p>Amo<br>La M\u00e9lancolie de Suzumiya Haruhi (2009)<br>OK Go &#8211; Here It Goes Again<\/p>\n\n\n\n<p>Shrykull<br>Rebuild of Evangelion<br>Trust &#8211; Antisocial<\/p>\n\n\n\n<p>MaxaoH<br>Samurai Flamenco<br>Kick-Ass<\/p>\n\n\n\n<p>Melow<br>Que sa volont\u00e9 soit faite S3<br>Bruno Mars &#8211; Marry You<\/p>\n\n\n\n<p>HowlOfSaya<br>Kore wa Zombie Desu-Ka<br>Queen &#8211; I Want to Break Free<\/p>\n\n\n\n<p>Ley<br>Steins;Gate<br>Nuttea &#8211; Elles dansent<\/p>\n\n\n\n<p>Amo<br>Les Enfants Loups, Ame et Yuki<br>Three Day Grace &#8211; Animal I Have Become<\/p>\n\n\n\n<p>Shrykull<br>Steins;Gate<br>Les Nuls<\/p>\n\n\n\n<p>Zozolton<br>Cowboy Bebop<br>Miracle of Sound &#8211; Trip to Vegas<\/p>\n\n\n\n<p>Shar<br>Pok\u00e9mon<br>German Marche &#8211; Erica<\/p>\n\n\n\n<p>Shrykull<br>Fate\/Zero<br>Deep Purple &#8211; Highway Star<\/p>\n\n\n\n<p>Woy<br>Eyeshield21 + Various<br>The Comebacks (trailer)<\/p>\n\n\n\n<p>Tarzan<br>Fire Emblem Awakening<br>G\u00e9n\u00e9rique Zorro<\/p>\n\n\n\n<p>Shrykull<br>Persona 4 The Animation<br>God Hand Theme<\/p>\n\n\n\n<p>Melow<br>Silver Spoon<br>S\u00e9bastien P\u00e9toche &#8211; Et Quand Il P\u00e8te Il Troue Son Slip<\/p>\n\n\n\n<p>Tachy<br>Sekai Seifuku<br>Stupeflip &#8211; Stup Monast\u00e8re<\/p>\n\n\n\n<p>Woy<br>Deadman Wonderland (???)<br>Pub Dr.Maboul<\/p>\n\n\n\n<p>RdNetwork<br>FLCL<br>Les Inconnus &#8211; Vice et Versa<\/p>\n\n\n\n<p>Zozolton<br>Full Metal Alchemist Brotherhood<br>Stromae &#8211; Papaoutai<\/p>\n\n\n\n<p>Tsumugi<br>K-On<br>Rencontre du Troisi\u00e8me Type<\/p>\n\n\n\n<p>Amo<br>Sora no Otoshimono<br>Shinedown &#8211; Diamond Eyes [Boom Lay Boom Lay Boom]<\/p>\n\n\n\n<p>Ley<br>Puella Magi Madoka Magica<br>Final Fantasy Dissidia 002 &#8211; God of Fire<\/p>\n\n\n\n<p>Shrykull<br>Albator, Corsaire de l&#8217;Espace<br>Deep Purple &#8211; Stormbringer<\/p>\n\n\n\n<p>Shar<br>Saint Seiya<br>Rocky<\/p>\n\n\n\n<p>Woy<br>Bayonetta<br>Hardcore Superstar &#8211; Sadistic Girls<\/p>\n\n\n\n<p>Elwingil<br>Card Captor Sakura<br>Pok\u00e9mon &#8211; La Team Rocket est L\u00e0<\/p>\n\n\n\n<p>Tachy<br>L&#8217;Attaque des Titans<br>Afrojack ft Wrabel &#8211; Ten Feet Tall (Culture Code Remix)<\/p>\n\n\n\n<p>CCRdz<br>Death Note<br>LMFAO &#8211; Shots (ft. Lil Jon)<\/p>\n\n\n\n<p>Zozolton<br>Infinite Stratos II<br>Avril Lavigne &#8211; Hello Kitty<\/p>\n\n\n\n<p>Amo<br>Mawaru Penguindrum<br>T\u00e9l\u00e9phone &#8211; Cendrillon<\/p>\n\n\n\n<p>Shar<br>Puni Puni Poemi<br>Chanson Paillarde &#8211; Le Cur\u00e9 de Camaret<\/p>\n\n\n\n<p>Melow<br>Ponyo sur la Falaise<br>Super Mario Sunshine &#8211; Place Delfino<\/p>\n\n\n\n<p>Amo<br>Amagi Brilliant Park<br>Taylor Swift &amp; Kanye West, VMA Awards 2009<\/p>\n\n\n\n<p>Elwingil<br>Clannad<br>Sexion d&#8217;Assault &#8211; Avant qu&#8217;elle ne parte<\/p>\n\n\n\n<p>Tachy<br>Kill la Kill<br>Flobots &#8211; Handlebars<\/p>\n\n\n\n<p>RdNetwork<br>GTO<br>Koza Mostra &amp; Agathon Iakovidis &#8211; Alcohol Is Free<\/p>\n\n\n\n<p>Shrykull<br>Sasami-San@Ganbaranai<br>The Mask<\/p>\n\n\n\n<p>Zozolton<br>Fate\/Zero<br>Naheulband &#8211; Revandications Monstrueuses<\/p>\n\n\n\n<p>Woy<br>Seikon no Qwaser<br>Les Inconnus &#8211; Le Rire<\/p>\n\n\n\n<p>Shrykull<br>Les Enfants-Loups, Ame et Yuki<br>Kana &#8211; Plantation<\/p>\n\n\n\n<p>Tarzan<br>Shaman King<br>Princess And The Frog &#8211; Friends On The Other Side<\/p>\n\n\n\n<p>Amo<br>Amagi Brilliant Park<br>Pirates des Cara\u00efbes Attraction<\/p>\n\n\n\n<p>Melow<br>Shinsekai Yori<br>Mauss &amp; Charlie &#8211; Je recherche<\/p>\n\n\n\n<p>Shrykull<br>Les Enfants-Loups, Ame et Yuki<br>Kana &#8211; Plantation<\/p>\n\n\n\n<p>Woy<br>Death Note<br>Florence+the Machine &#8211; No Light, No Light<\/p>\n\n\n\n<p>Amo<br>Aquarion EVOL<br>Fatal Bazooka &#8211; Parle \u00e0 ma main<\/p>\n\n\n\n<p>Tachy<br>Various<br>Instalok &#8211; We Are The Support<\/p>\n\n\n\n<p>RdNetwork<br>Bienvenue dans la NHK<br>Avenue Q &#8211; The Internet is for Porn<\/p>\n\n\n\n<p>MaxaoH<br>Gunbuster<br>The Killers &#8211; Miss Atomic Bomb<\/p>\n\n\n\n<p>Tachy<br>Neon Genesis Evangelion<br>Kanye West &#8211; Power<\/p>\n\n\n\n<p>Amo<br>Sword Art Online<br>Britney Spears &#8211; Womanizer<\/p>\n\n\n\n<p>Melow<br>Kokoro Connect<br>South Park<\/p>\n\n\n\n<p>RdNetwork<br>Super Smash Bros 4<br>Bang Camaro &#8211; Push Push (Lady Lightning)<\/p>\n\n\n\n<p>Shrykull<br>Tiger &amp; Bunny<br>J.Geils Band &#8211; Freeze Frame<\/p>\n\n\n\n<p>Melow<br>Otorimonogatari<br>Power Rangers<\/p>\n\n\n\n<p>Ley<br>Higurashi No Naku Koro Ni<br>Serge Gainsbourg &#8211; Comme un Boomerang<\/p>\n\n\n\n<p>Woy<br>L&#8217;Attaque des Titans<br>Deuce Bigalow &#8211; That&#8217;s a huge bitch<\/p>\n\n\n\n<p>Shrykull<br>Nichijou<br>Deus Ex Human Revolution<\/p>\n\n\n\n<p>Tachy<br>Neon Genesis Evangelion<br>Pub Afflelou<\/p>\n\n\n\n<p>Shar<br>Maria Holic<br>Queen &#8211; Too Much Love Will Kill You<\/p>\n\n\n\n<p>Melow<br>Sankarea<br>Craig David &#8211; What&#8217;s You Flava<\/p>\n\n\n\n<p>Amo<br>Yowamushi Pedal<br>Kill la Kill VF<\/p>\n\n\n\n<p>Woy<br>Kill la Kill<br>Imagine Dragons &#8211; Bleeding Out<\/p>\n\n\n\n<p>Shar<br>F-Zero GP Legends<br>Les Guignols de l&#8217;Info<\/p>\n\n\n\n<p>Melow<br>Puella Magia Madoka Magica<br>Aaliyah &#8211; Try again<\/p>\n\n\n\n<p>Tarzan<br>Death Note<br>La Classe Am\u00e9ricaine<\/p>\n\n\n\n<p>Zozolton<br>Girls und Panzer<br>Tetris Theme<\/p>\n\n\n\n<p>Shrykull<br>Nisemonogatari<br>Ace Ventura Pet Detective<\/p>\n\n\n\n<p>Ley<br>Soul Eater<br>Salvatore Adamo &#8211; Vous permettez, monsieur<\/p>\n\n\n\n<p>Amo<br>The Idolm@ster<br>Les Nuls l&#8217;Emission<\/p>\n\n\n\n<p>Melow<br>Girls Bravo<br>Philippe Katerine &#8211; La banane<\/p>\n\n\n\n<p>Shar<br>Ladies vs Butler<br>Chanson Paillarde &#8211; Contre ma blonde<\/p>\n\n\n\n<p>Tachy<br>Carnival Phantasm ; Fate\/Zero<br>Casseurs Flowters &#8211; 01h47 Change de Pote<\/p>\n\n\n\n<p>Tarzan<br>Bakemonogatari<br>Jet &#8211; Are You Gonna Be My Girl<\/p>\n\n\n\n<p>Shrykull<br>Pok\u00e9mon the Origin<br>Bruno Mars &#8211; Voices In My Head<\/p>\n\n\n\n<p>Ley<br>La Travers\u00e9e du Temps<br>Serge Gainsbourg &#8211; Je suis venu te dire que je m&#8217;en vais<\/p>\n\n\n\n<p>Tachy<br>The Idolm@ster<br>Ma\u00eetre Gims &#8211; J&#8217;me tire<\/p>\n\n\n\n<p>RdNetwork<br>Kill la Kill<br>Gotye feat.Kimbra &#8211; Somebody That I Used To Know<\/p>\n\n\n\n<p>Elwingil<br>Death Note<br>Michel Polnareff &#8211; Au paradis<\/p>\n\n\n\n<p>Amo<br>Mawaru Penguindrum<br>T\u00e9l\u00e9phone &#8211; Cendrillon<\/p>\n\n\n\n<p>HowlofSaya<br>Black Lagoon<br>The Big Lebowski<\/p>\n\n\n\n<p>Tachy<br>Sword Art Online II<br>Camper One More Time<\/p>\n\n\n\n<p>Woy<br>Ma femme est une \u00e9tudiante<br>M.Pokora &#8211; Dangerous<\/p>\n\n\n\n<p>Shar<br>One Piece<br>Pico et Colombus<\/p>\n\n\n\n<p>Elwingil<br>Bleach<br>Kelly Clarkson &#8211; Stronger (What Doesn&#8217;t Kill You)<\/p>\n\n\n\n<p>Amo<br>Haikyuu!<br>Gravity Falls &#8211; We Control the Balls<\/p>\n\n\n\n<p>Shrykull<br>Persona 3<br>Duane &amp; Brand0 &#8211; Megaman II<\/p>\n\n\n\n<p>Tachy<br>Sword Art Online II<br>Jimmy Eat World &#8211; The Middle<\/p>\n\n\n\n<p>Melow<br>Higurashi No Naku Koro Ni Kira<br>Batman 60&#8217;s<\/p>\n\n\n\n<p>Shrykull<br>L&#8217;Attaque des Titans<br>Championnats mondiaux d&#8217;Athl\u00e9tisme de Berlin<\/p>\n\n\n\n<p>Tarzan<br>Tengen Toppa Gurren Lagann<br>Epic Rap Battles of History &#8211; Frank Sinatra VS Freddie Mercury<\/p>\n\n\n\n<p>Tachy<br>Neon Genesis Evangelion<br>Pub Atoll<\/p>\n\n\n\n<p>Melow<br>Danshi Koukousei no Nichijou<br>Les Inconnus &#8211; Hamburger Family<\/p>\n\n\n\n<p>Zozolton<br>Utena<br>William Sheller &#8211; Carnet \u00e0 Spirale<\/p>\n\n\n\n<p>Amo<br>Fate\/Stay Night UBW ; Fate\/Zero<br>Declic Images &#8211; Shaman King<\/p>\n\n\n\n<p>Elwingil<br>Koe de Oshigoto<br>Superbus &#8211; Apprends moi<\/p>\n\n\n\n<p>Shar<br>Lucky Star<br>Family Guy &#8211; It&#8217;s a Wonderful Day for Pie<\/p>\n\n\n\n<p>RdNetwork<br>Bakemonogatari<br>Jethro Tull &#8211; Aqualung<\/p>\n\n\n\n<p>Tachy<br>Free!<br>Sam Padrul &#8211; Feel The Love<\/p>\n\n\n\n<p>Amo<br>Kill la Kill<br>Queen &#8211; Good Old-Fashioned Lover Boy<\/p>\n\n\n\n<p>Elwingil<br>Ranma 1\/2<br>Le Roi Lion<\/p>\n\n\n\n<p>Melow<br>Puella Magi Madoka Magica<br>Salut c&#8217;est cool &#8211; Allez, viens<\/p>\n\n\n\n<p>Shrykull<br>Free!<br>Les Nuls &#8211; Scandal<\/p>\n\n\n\n<p>Woy<br>Highschool DxD<br>Michel Sardou &#8211; Je ne t&#8217;ai pas tromp\u00e9e<\/p>\n\n\n\n<p>Tarzan<br>L&#8217;Attaque des Titans<br>Full Metal Jacket<\/p>\n\n\n\n<p>Amo<br>Sasami-san@Ganbaranai<br>Les Rois de la Su\u00e8de &#8211; Nutelle-moi une derni\u00e8re fois<\/p>\n\n\n\n<p>Ley<br>Le Roi Lion<br>Pub Panier de Yoplait<\/p>\n\n\n\n<p>Woy<br>Lady Oscar<br>Lady Oscar G\u00e9n\u00e9rique ; Lady Gaga &#8211; Bad Romance<\/p>\n\n\n\n<p>Shar<br>Hunter X Hunter<br>Les Nuls<\/p>\n\n\n\n<p>Shrykull<br>Devil Survivor 2 The Animation<br>Jean-Marc Anthony Kabeya &#8211; Monde Pok\u00e9mon<\/p>\n\n\n\n<p>Melow<br>Nadia et le secret de l&#8217;eau bleue<br>La Petite Maison dans la Prairie<\/p>\n\n\n\n<p>Zozolton<br>Seto no Hanayome<br>Dobacaracol &#8211; Amazone<\/p>\n\n\n\n<p>Elwingil<br>Umineko no Naku Koro Ni<br>Kirikou et la Sorci\u00e8re<\/p>\n\n\n\n<p>MaxaoH<br>Psycho-Pass<br>Les Guignols de l&#8217;Info<\/p>\n\n\n\n<p>RdNetwork<br>Magic Kaito 1412<br>Jacques Dutronc &#8211; Gentleman Cambrioleur<\/p>\n\n\n\n<p>Amo<br>Sword Art Online<br>M &#8211; Monde Virtuel<\/p>\n\n\n\n<p>Tachy<br>Idolm@ster, Idolm@ster Cinderella Girls, Wake Up Girls, Love Live<br>Sianna feat. Mac Tyer &#8211; Appel manqu\u00e9<\/p>\n\n\n\n<p>Tsuchi<br>Spice &amp; Wolf<br>Hotdiggedydemon &#8211; Apple.mov<\/p>\n\n\n\n<p>Shrykull<br>Jojo&#8217;s Bizarre Adventure<br>Flight of the Concords &#8211; Fashion is Danger<\/p>\n\n\n\n<p>Tarzan<br>Death Note<br>La Classe Am\u00e9ricaine<\/p>\n\n\n\n<p>RdNetwork<br>Monogatari 2nd Season<br>Didier Super &#8211; On va Tous Crever<\/p>\n\n\n\n<p>Melow<br>Que sa volont\u00e9 soit faite<br>Michel Sardou &#8211; Je vais t&#8217;aimer<\/p>\n\n\n\n<p>Tachy<br>Michiko to Hatchin<br>Alain Souchon &#8211; Tailler la zone<\/p>\n\n\n\n<p>Zozolton<br>Patema et le monde invers\u00e9<br>Cookie Dingler &#8211; Femme Liberee<\/p>\n\n\n\n<p>CCRdz<br>Fairy Tail<br>NaheulBand &#8211; Tu dis bonjour<\/p>\n\n\n\n<p>Tarzan<br>La Travers\u00e9e du Temps<br>Daft Punk &#8211; Fragments of Time<\/p>\n\n\n\n<p>Woy<br>Death Note<br>La Classe Am\u00e9ricaine<\/p>\n\n\n\n<p>MaxaoH<br>Kyousougiga<br>Jean-Jacques Goldman &#8211; Famille<\/p>\n\n\n\n<p>Tachy<br>Kill la Kill<br>Instalok &#8211; I Won&#8217;t Give Up<\/p>\n\n\n\n<p>Shrykull<br>K-On!!<br>Joe Satriani &#8211; Crowd Chant<\/p>\n\n\n\n<p>Zozolton<br>Little Witch Academia<br>Magic System &#8211; Magic In The Air feat.Chawki<\/p>\n\n\n\n<p>Amo &#8211; Cr\u00e9dits de fin<br>Beaucoup d&#8217;anime<br>Madeon feat. Passion-Pit &#8211; Pay No Mind<\/p>\n","protected":false},"excerpt":{"rendered":"<p>Diffus\u00e9 pour la premi\u00e8re fois lors de la Japan Expo de 2015, l&#8217;AMV Pas Convaincu est un projet simple: r\u00e9unir le meilleur des AMV refus\u00e9s pour l&#8217;AMV Enfer 3, alors diffus\u00e9 un mois avant. Le titre vient ainsi des terribles mots &#8220;Pas Convaincu&#8221; que le Commandant, manitou du projet AMV [&hellip;]<\/p>\n","protected":false},"author":1,"featured_media":45,"parent":0,"menu_order":0,"comment_status":"closed","ping_status":"closed","template":"","meta":{"footnotes":""},"class_list":["post-44","page","type-page","status-publish","has-post-thumbnail","hentry"],"jetpack_sharing_enabled":true,"_links":{"self":[{"href":"https:\/\/neantvert.eu\/celeste\/wp-json\/wp\/v2\/pages\/44","targetHints":{"allow":["GET"]}}],"collection":[{"href":"https:\/\/neantvert.eu\/celeste\/wp-json\/wp\/v2\/pages"}],"about":[{"href":"https:\/\/neantvert.eu\/celeste\/wp-json\/wp\/v2\/types\/page"}],"author":[{"embeddable":true,"href":"https:\/\/neantvert.eu\/celeste\/wp-json\/wp\/v2\/users\/1"}],"replies":[{"embeddable":true,"href":"https:\/\/neantvert.eu\/celeste\/wp-json\/wp\/v2\/comments?post=44"}],"version-history":[{"count":1,"href":"https:\/\/neantvert.eu\/celeste\/wp-json\/wp\/v2\/pages\/44\/revisions"}],"predecessor-version":[{"id":46,"href":"https:\/\/neantvert.eu\/celeste\/wp-json\/wp\/v2\/pages\/44\/revisions\/46"}],"wp:featuredmedia":[{"embeddable":true,"href":"https:\/\/neantvert.eu\/celeste\/wp-json\/wp\/v2\/media\/45"}],"wp:attachment":[{"href":"https:\/\/neantvert.eu\/celeste\/wp-json\/wp\/v2\/media?parent=44"}],"curies":[{"name":"wp","href":"https:\/\/api.w.org\/{rel}","templated":true}]}}