{"id":357,"date":"2013-02-05T13:43:51","date_gmt":"2013-02-05T12:43:51","guid":{"rendered":"http:\/\/neantvert.eu\/minorin\/?page_id=357"},"modified":"2013-02-05T13:44:29","modified_gmt":"2013-02-05T12:44:29","slug":"participer","status":"publish","type":"page","link":"https:\/\/neantvert.eu\/minorin\/?page_id=357","title":{"rendered":"Participer"},"content":{"rendered":"<p>Vous voulez participer \u00e0 l&rsquo;AVENTURE MINORIN\u2122 ?<\/p>\n<div id=\"attachment_358\" style=\"width: 510px\" class=\"wp-caption aligncenter\"><a href=\"http:\/\/neantvert.eu\/minorin\/wp-content\/uploads\/2013\/02\/WeWantYou.jpg\"><img loading=\"lazy\" decoding=\"async\" aria-describedby=\"caption-attachment-358\" class=\"size-medium wp-image-358\" alt=\"Minorin a besoin de toi !\" src=\"http:\/\/neantvert.eu\/minorin\/wp-content\/uploads\/2013\/02\/WeWantYou-500x283.jpg\" width=\"500\" height=\"283\" srcset=\"https:\/\/neantvert.eu\/minorin\/wp-content\/uploads\/2013\/02\/WeWantYou-500x283.jpg 500w, https:\/\/neantvert.eu\/minorin\/wp-content\/uploads\/2013\/02\/WeWantYou.jpg 848w\" sizes=\"(max-width: 500px) 100vw, 500px\" \/><\/a><p id=\"caption-attachment-358\" class=\"wp-caption-text\">Minorin a besoin de toi !<\/p><\/div>\n<p>Comme vous l&rsquo;avez peut-\u00eatre compris, Minorin est un blog <em>participatif<\/em> et\u00a0<em>communautaire<\/em>, ce qui signifie que n&rsquo;importe qui peut y participer et prendre sa plume pour parler d&rsquo;un \u00e9pisode d&rsquo;anime qu&rsquo;il vient de voir et qui lui donne envie d&rsquo;exprimer\u00a0<em>des choses<\/em>.<\/p>\n<p>Pour faire concis, participer \u00e0 Minorin n&rsquo;est pas extr\u00eamement compliqu\u00e9: <a title=\"Adresse mail !\" href=\"mailto:amo.teur@gmail.com\" target=\"_blank\">il suffit de me contacter par mail<\/a>, d&rsquo;expliquer dedans ce que vous souhaitez faire comme billet, l\u00e0, tout de suite, et si tout va bien, vous aurez le droit \u00e0 un\u00a0<em>acc\u00e8s<\/em> et \u00e0 un\u00a0<em>fichier de r\u00e8gles \u00e0 suivre<\/em>. Et vous deviendrez, peut-etre, le roi du p\u00e9trole.<\/p>\n<p>Quelques remarques importantes \u00e0 lire avant de me contacter:<\/p>\n<ul>\n<li>La r\u00e8gle principale c&rsquo;est que si un billet a d\u00e9j\u00e0 \u00e9t\u00e9 fait sur un \u00e9pisode \/ film \/ OAV, un second billet sur le sujet ne sera jamais accept\u00e9. Pas d&rsquo;exceptions. Donc si vous voulez parler d&rsquo;un \u00e9pisode en particulier, v\u00e9rifiez qu&rsquo;il n&rsquo;est pas d\u00e9j\u00e0 fait ou qu&rsquo;un auteur n&rsquo;est pas d\u00e9j\u00e0 en train de couvrir la s\u00e9rie \u00e9pisode par \u00e9pisode.<\/li>\n<li>Devenir contributeur pour le blog ne vous implique \u00e0 rien \u00e0 long terme. Si vous voulez juste \u00e9crire un article sur un \u00e9pisode en particulier et que vous ne vous voyez pas en \u00e9crire un par mois jusqu&rsquo;a la fin de votre vie, pas de soucis ! Le but du jeu c&rsquo;est que \u00e7a soit aussi fun pour les auteurs \u00e0 \u00e9crire que pour les lecteurs \u00e0 lire.<\/li>\n<li>Tout abus de l&rsquo;acc\u00e8s sera trait\u00e9 avec&#8230; autorit\u00e9 \u00e8_\u00e9.<\/li>\n<\/ul>\n<p>Voil\u00e0, n&rsquo;h\u00e9sitez pas \u00e0 poser des questions et des remarques dans le champ de commentaires.<\/p>\n","protected":false},"excerpt":{"rendered":"<p>Vous voulez participer \u00e0 l&rsquo;AVENTURE MINORIN\u2122 ? Comme vous l&rsquo;avez peut-\u00eatre compris, Minorin est un blog participatif et\u00a0communautaire, ce qui signifie que n&rsquo;importe qui peut y participer et prendre sa plume pour parler d&rsquo;un \u00e9pisode d&rsquo;anime qu&rsquo;il vient de voir et qui lui donne envie d&rsquo;exprimer\u00a0des choses. Pour faire concis, participer \u00e0 Minorin n&rsquo;est pas [&hellip;]<\/p>\n","protected":false},"author":1,"featured_media":0,"parent":0,"menu_order":0,"comment_status":"open","ping_status":"open","template":"","meta":{"ngg_post_thumbnail":0,"jetpack_post_was_ever_published":false,"footnotes":""},"class_list":["post-357","page","type-page","status-publish","hentry"],"jetpack_sharing_enabled":true,"jetpack_shortlink":"https:\/\/wp.me\/P4IbxV-5L","_links":{"self":[{"href":"https:\/\/neantvert.eu\/minorin\/index.php?rest_route=\/wp\/v2\/pages\/357"}],"collection":[{"href":"https:\/\/neantvert.eu\/minorin\/index.php?rest_route=\/wp\/v2\/pages"}],"about":[{"href":"https:\/\/neantvert.eu\/minorin\/index.php?rest_route=\/wp\/v2\/types\/page"}],"author":[{"embeddable":true,"href":"https:\/\/neantvert.eu\/minorin\/index.php?rest_route=\/wp\/v2\/users\/1"}],"replies":[{"embeddable":true,"href":"https:\/\/neantvert.eu\/minorin\/index.php?rest_route=%2Fwp%2Fv2%2Fcomments&post=357"}],"version-history":[{"count":3,"href":"https:\/\/neantvert.eu\/minorin\/index.php?rest_route=\/wp\/v2\/pages\/357\/revisions"}],"predecessor-version":[{"id":361,"href":"https:\/\/neantvert.eu\/minorin\/index.php?rest_route=\/wp\/v2\/pages\/357\/revisions\/361"}],"wp:attachment":[{"href":"https:\/\/neantvert.eu\/minorin\/index.php?rest_route=%2Fwp%2Fv2%2Fmedia&parent=357"}],"curies":[{"name":"wp","href":"https:\/\/api.w.org\/{rel}","templated":true}]}}