{"id":48,"date":"2013-01-31T02:19:32","date_gmt":"2013-01-31T01:19:32","guid":{"rendered":"http:\/\/neantvert.eu\/minorin\/?page_id=48"},"modified":"2013-02-05T13:50:40","modified_gmt":"2013-02-05T12:50:40","slug":"a-propos-de-minorin","status":"publish","type":"page","link":"https:\/\/neantvert.eu\/minorin\/?page_id=48","title":{"rendered":"A propos de Minorin"},"content":{"rendered":"<p>Lanc\u00e9 le 7 f\u00e9vrier 2013, Minorin est un blog participatif dont le but est de permettre \u00e0 des blogueurs, \u00e9crivains, artistes et m\u00e9n\u00e9strels d&rsquo;\u00e9crire des articles sur des \u00e9pisodes d&rsquo;animes \u00e0 l&rsquo;unit\u00e9, dans une grande orgie stylistique. <a href=\"http:\/\/neantvert.eu\/minorin\/?page_id=357\">N&rsquo;importe qui peut participer.<\/a><\/p>\n<p>Je ne sais pas quoi rajouter de plus pour alimenter cette page \u00ab\u00a0a propos.\u00a0\u00bb<\/p>\n","protected":false},"excerpt":{"rendered":"<p>Lanc\u00e9 le 7 f\u00e9vrier 2013, Minorin est un blog participatif dont le but est de permettre \u00e0 des blogueurs, \u00e9crivains, artistes et m\u00e9n\u00e9strels d&rsquo;\u00e9crire des articles sur des \u00e9pisodes d&rsquo;animes \u00e0 l&rsquo;unit\u00e9, dans une grande orgie stylistique. N&rsquo;importe qui peut participer. Je ne sais pas quoi rajouter de plus pour alimenter cette page \u00ab\u00a0a propos.\u00a0\u00bb<\/p>\n","protected":false},"author":1,"featured_media":0,"parent":0,"menu_order":0,"comment_status":"open","ping_status":"open","template":"","meta":{"ngg_post_thumbnail":0,"jetpack_post_was_ever_published":false,"footnotes":""},"class_list":["post-48","page","type-page","status-publish","hentry"],"jetpack_sharing_enabled":true,"jetpack_shortlink":"https:\/\/wp.me\/P4IbxV-M","_links":{"self":[{"href":"https:\/\/neantvert.eu\/minorin\/index.php?rest_route=\/wp\/v2\/pages\/48"}],"collection":[{"href":"https:\/\/neantvert.eu\/minorin\/index.php?rest_route=\/wp\/v2\/pages"}],"about":[{"href":"https:\/\/neantvert.eu\/minorin\/index.php?rest_route=\/wp\/v2\/types\/page"}],"author":[{"embeddable":true,"href":"https:\/\/neantvert.eu\/minorin\/index.php?rest_route=\/wp\/v2\/users\/1"}],"replies":[{"embeddable":true,"href":"https:\/\/neantvert.eu\/minorin\/index.php?rest_route=%2Fwp%2Fv2%2Fcomments&post=48"}],"version-history":[{"count":5,"href":"https:\/\/neantvert.eu\/minorin\/index.php?rest_route=\/wp\/v2\/pages\/48\/revisions"}],"predecessor-version":[{"id":365,"href":"https:\/\/neantvert.eu\/minorin\/index.php?rest_route=\/wp\/v2\/pages\/48\/revisions\/365"}],"wp:attachment":[{"href":"https:\/\/neantvert.eu\/minorin\/index.php?rest_route=%2Fwp%2Fv2%2Fmedia&parent=48"}],"curies":[{"name":"wp","href":"https:\/\/api.w.org\/{rel}","templated":true}]}}